{"id":106355,"date":"2025-12-03T09:23:35","date_gmt":"2025-12-03T08:23:35","guid":{"rendered":"https:\/\/www.hirtenberg-apotheke.at\/katalog\/produkt\/supamun-immun-brause-vegan-30-stk\/"},"modified":"2025-12-03T09:24:19","modified_gmt":"2025-12-03T08:24:19","slug":"supamun-immun-brause-vegan-30-stk","status":"publish","type":"product","link":"https:\/\/www.hirtenberg-apotheke.at\/katalog\/produkt\/supamun-immun-brause-vegan-30-stk\/","title":{"rendered":"Supamun Immun Brause Vegan 30 Stk."},"content":{"rendered":"<p>Supamun\u00ae Immun Brause ist ein Nahrungserg\u00e4nzungsmittel in Brauseform mit Blutorangengeschmack. Es enth\u00e4lt veganes Vitamin D3, B-Vitamine, Fols\u00e4ure und Eisen &#8211; speziell f\u00fcr die vegetarische und vegane Lebensweise..<\/p>\n","protected":false},"excerpt":{"rendered":"<p>Supamun\u00ae Immun Brause ist ein Nahrungserg\u00e4nzungsmittel in Brauseform mit Blutorangengeschmack. Es enth\u00e4lt veganes Vitamin D3, B-Vitamine, Fols\u00e4ure und Eisen &#8211; speziell f\u00fcr die vegetarische und vegane Lebensweise..<\/p>\n","protected":false},"featured_media":106357,"template":"","meta":{"_acf_changed":false},"product_brand":[1357],"product_cat":[303],"product_tag":[],"class_list":{"0":"post-106355","1":"product","2":"type-product","3":"status-publish","4":"has-post-thumbnail","6":"product_brand-supamun","7":"product_cat-s","8":"pa_packungsgroesse-30-stueck","10":"first","11":"instock","12":"shipping-taxable","13":"purchasable","14":"product-type-simple"},"acf":[],"_links":{"self":[{"href":"https:\/\/www.hirtenberg-apotheke.at\/katalog\/wp-json\/wp\/v2\/product\/106355","targetHints":{"allow":["GET"]}}],"collection":[{"href":"https:\/\/www.hirtenberg-apotheke.at\/katalog\/wp-json\/wp\/v2\/product"}],"about":[{"href":"https:\/\/www.hirtenberg-apotheke.at\/katalog\/wp-json\/wp\/v2\/types\/product"}],"wp:featuredmedia":[{"embeddable":true,"href":"https:\/\/www.hirtenberg-apotheke.at\/katalog\/wp-json\/wp\/v2\/media\/106357"}],"wp:attachment":[{"href":"https:\/\/www.hirtenberg-apotheke.at\/katalog\/wp-json\/wp\/v2\/media?parent=106355"}],"wp:term":[{"taxonomy":"product_brand","embeddable":true,"href":"https:\/\/www.hirtenberg-apotheke.at\/katalog\/wp-json\/wp\/v2\/product_brand?post=106355"},{"taxonomy":"product_cat","embeddable":true,"href":"https:\/\/www.hirtenberg-apotheke.at\/katalog\/wp-json\/wp\/v2\/product_cat?post=106355"},{"taxonomy":"product_tag","embeddable":true,"href":"https:\/\/www.hirtenberg-apotheke.at\/katalog\/wp-json\/wp\/v2\/product_tag?post=106355"}],"curies":[{"name":"wp","href":"https:\/\/api.w.org\/{rel}","templated":true}]}}