{"id":106439,"date":"2025-12-03T09:26:54","date_gmt":"2025-12-03T08:26:54","guid":{"rendered":"https:\/\/www.hirtenberg-apotheke.at\/katalog\/produkt\/symbiolact-plus-kapseln-30-stk\/"},"modified":"2025-12-03T09:27:39","modified_gmt":"2025-12-03T08:27:39","slug":"symbiolact-plus-kapseln-30-stk","status":"publish","type":"product","link":"https:\/\/www.hirtenberg-apotheke.at\/katalog\/produkt\/symbiolact-plus-kapseln-30-stk\/","title":{"rendered":"SymbioLact Plus Kapseln 30 Stk."},"content":{"rendered":"<p>SymbioLact Plus ist ein Nahrungserg\u00e4nzungsmittel mit Biotin und Milchs\u00e4ure bildenden Bakterien. Die innovative, vegetarische Kapsel enth\u00e4lt sechs St\u00e4mme Milchs\u00e4urebakterien in h\u00f6chster Konzentration f\u00fcr den gesamten Darmtrakt. Das zus\u00e4tzlich enthaltene Vitamin Biotin unterst\u00fctzt die normale Funktion der Darmschleimhaut.<\/p>\n","protected":false},"excerpt":{"rendered":"<p>SymbioLact Plus ist ein Nahrungserg\u00e4nzungsmittel mit Biotin und Milchs\u00e4ure bildenden Bakterien. Die innovative, vegetarische Kapsel enth\u00e4lt sechs St\u00e4mme Milchs\u00e4urebakterien in h\u00f6chster Konzentration f\u00fcr den gesamten Darmtrakt. Das zus\u00e4tzlich enthaltene Vitamin Biotin unterst\u00fctzt die normale Funktion der Darmschleimhaut.<\/p>\n","protected":false},"featured_media":106441,"template":"","meta":{"_acf_changed":false},"product_brand":[],"product_cat":[303],"product_tag":[],"class_list":{"0":"post-106439","1":"product","2":"type-product","3":"status-publish","4":"has-post-thumbnail","6":"product_cat-s","7":"pa_packungsgroesse-30-stueck","9":"first","10":"instock","11":"shipping-taxable","12":"purchasable","13":"product-type-simple"},"acf":[],"_links":{"self":[{"href":"https:\/\/www.hirtenberg-apotheke.at\/katalog\/wp-json\/wp\/v2\/product\/106439","targetHints":{"allow":["GET"]}}],"collection":[{"href":"https:\/\/www.hirtenberg-apotheke.at\/katalog\/wp-json\/wp\/v2\/product"}],"about":[{"href":"https:\/\/www.hirtenberg-apotheke.at\/katalog\/wp-json\/wp\/v2\/types\/product"}],"wp:featuredmedia":[{"embeddable":true,"href":"https:\/\/www.hirtenberg-apotheke.at\/katalog\/wp-json\/wp\/v2\/media\/106441"}],"wp:attachment":[{"href":"https:\/\/www.hirtenberg-apotheke.at\/katalog\/wp-json\/wp\/v2\/media?parent=106439"}],"wp:term":[{"taxonomy":"product_brand","embeddable":true,"href":"https:\/\/www.hirtenberg-apotheke.at\/katalog\/wp-json\/wp\/v2\/product_brand?post=106439"},{"taxonomy":"product_cat","embeddable":true,"href":"https:\/\/www.hirtenberg-apotheke.at\/katalog\/wp-json\/wp\/v2\/product_cat?post=106439"},{"taxonomy":"product_tag","embeddable":true,"href":"https:\/\/www.hirtenberg-apotheke.at\/katalog\/wp-json\/wp\/v2\/product_tag?post=106439"}],"curies":[{"name":"wp","href":"https:\/\/api.w.org\/{rel}","templated":true}]}}