{"id":106527,"date":"2025-12-03T09:29:37","date_gmt":"2025-12-03T08:29:37","guid":{"rendered":"https:\/\/www.hirtenberg-apotheke.at\/katalog\/produkt\/taoasis-baldini-bio-aroma-zitronenoel-5-ml\/"},"modified":"2025-12-03T09:30:33","modified_gmt":"2025-12-03T08:30:33","slug":"taoasis-baldini-bio-aroma-zitronenoel-5-ml","status":"publish","type":"product","link":"https:\/\/www.hirtenberg-apotheke.at\/katalog\/produkt\/taoasis-baldini-bio-aroma-zitronenoel-5-ml\/","title":{"rendered":"Taoasis Baldini Bio-Aroma Zitronen\u00f6l 5 ml"},"content":{"rendered":"<p>Zitrone hat einen \u00e4u\u00dferst frisches Aroma, das schnell eine belebende, aufbauende und aufmunternde Wirkung erzeugt. Sie ist ein praktischer Ersatz f\u00fcr abgeriebene Bio-Zitronenschale und der Klassiker f\u00fcr frische Cocktails, Kekse, Salate und Dips. Zitrone passt gut zu allen Kr\u00e4utern wie Rosmarin oder Basilikum, aber auch zu Ingwer und Orange.<\/p>\n","protected":false},"excerpt":{"rendered":"<p>Zitrone hat einen \u00e4u\u00dferst frisches Aroma, das schnell eine belebende, aufbauende und aufmunternde Wirkung erzeugt. Sie ist ein praktischer Ersatz f\u00fcr abgeriebene Bio-Zitronenschale und der Klassiker f\u00fcr frische Cocktails, Kekse, Salate und Dips. Zitrone passt gut zu allen Kr\u00e4utern wie Rosmarin oder Basilikum, aber auch zu Ingwer und Orange.<\/p>\n","protected":false},"featured_media":106529,"template":"","meta":{"_acf_changed":false},"product_brand":[564],"product_cat":[319],"product_tag":[],"class_list":{"0":"post-106527","1":"product","2":"type-product","3":"status-publish","4":"has-post-thumbnail","6":"product_brand-taoasis","7":"product_cat-t","8":"pa_packungsgroesse-5ml","10":"first","11":"instock","12":"shipping-taxable","13":"purchasable","14":"product-type-simple"},"acf":[],"_links":{"self":[{"href":"https:\/\/www.hirtenberg-apotheke.at\/katalog\/wp-json\/wp\/v2\/product\/106527","targetHints":{"allow":["GET"]}}],"collection":[{"href":"https:\/\/www.hirtenberg-apotheke.at\/katalog\/wp-json\/wp\/v2\/product"}],"about":[{"href":"https:\/\/www.hirtenberg-apotheke.at\/katalog\/wp-json\/wp\/v2\/types\/product"}],"wp:featuredmedia":[{"embeddable":true,"href":"https:\/\/www.hirtenberg-apotheke.at\/katalog\/wp-json\/wp\/v2\/media\/106529"}],"wp:attachment":[{"href":"https:\/\/www.hirtenberg-apotheke.at\/katalog\/wp-json\/wp\/v2\/media?parent=106527"}],"wp:term":[{"taxonomy":"product_brand","embeddable":true,"href":"https:\/\/www.hirtenberg-apotheke.at\/katalog\/wp-json\/wp\/v2\/product_brand?post=106527"},{"taxonomy":"product_cat","embeddable":true,"href":"https:\/\/www.hirtenberg-apotheke.at\/katalog\/wp-json\/wp\/v2\/product_cat?post=106527"},{"taxonomy":"product_tag","embeddable":true,"href":"https:\/\/www.hirtenberg-apotheke.at\/katalog\/wp-json\/wp\/v2\/product_tag?post=106527"}],"curies":[{"name":"wp","href":"https:\/\/api.w.org\/{rel}","templated":true}]}}