{"id":106708,"date":"2025-12-03T09:36:20","date_gmt":"2025-12-03T08:36:20","guid":{"rendered":"https:\/\/www.hirtenberg-apotheke.at\/katalog\/produkt\/life-light-thyro-formula-ueberfunktion-60-stk\/"},"modified":"2025-12-03T09:36:27","modified_gmt":"2025-12-03T08:36:27","slug":"life-light-thyro-formula-ueberfunktion-60-stk","status":"publish","type":"product","link":"https:\/\/www.hirtenberg-apotheke.at\/katalog\/produkt\/life-light-thyro-formula-ueberfunktion-60-stk\/","title":{"rendered":"Life Light Thyro Formula \u00dcberfunktion 60 Stk."},"content":{"rendered":"<p>Thyro Formula \u00dcberfunktion \u00fcberzeugt durch die effiziente Phytoformel aus Ackerschachtelhalm, Salbei, Klettenwurzel, Lavendel und Melisse veredelt mit dem lebenswichtigen Spurenelement Selen sowie Vitamin C. Vitamin C tr\u00e4gt zu einer normalen Funktion des Immunsystems w\u00e4hrend und nach intensiver k\u00f6rperlicher Bet\u00e4tigung bei.<\/p>\n","protected":false},"excerpt":{"rendered":"<p>Thyro Formula \u00dcberfunktion \u00fcberzeugt durch die effiziente Phytoformel aus Ackerschachtelhalm, Salbei, Klettenwurzel, Lavendel und Melisse veredelt mit dem lebenswichtigen Spurenelement Selen sowie Vitamin C. Vitamin C tr\u00e4gt zu einer normalen Funktion des Immunsystems w\u00e4hrend und nach intensiver k\u00f6rperlicher Bet\u00e4tigung bei.<\/p>\n","protected":false},"featured_media":106710,"template":"","meta":{"_acf_changed":false},"product_brand":[],"product_cat":[317],"product_tag":[],"class_list":{"0":"post-106708","1":"product","2":"type-product","3":"status-publish","4":"has-post-thumbnail","6":"product_cat-l","7":"pa_packungsgroesse-60-stueck","9":"first","10":"instock","11":"shipping-taxable","12":"purchasable","13":"product-type-simple"},"acf":[],"_links":{"self":[{"href":"https:\/\/www.hirtenberg-apotheke.at\/katalog\/wp-json\/wp\/v2\/product\/106708","targetHints":{"allow":["GET"]}}],"collection":[{"href":"https:\/\/www.hirtenberg-apotheke.at\/katalog\/wp-json\/wp\/v2\/product"}],"about":[{"href":"https:\/\/www.hirtenberg-apotheke.at\/katalog\/wp-json\/wp\/v2\/types\/product"}],"wp:featuredmedia":[{"embeddable":true,"href":"https:\/\/www.hirtenberg-apotheke.at\/katalog\/wp-json\/wp\/v2\/media\/106710"}],"wp:attachment":[{"href":"https:\/\/www.hirtenberg-apotheke.at\/katalog\/wp-json\/wp\/v2\/media?parent=106708"}],"wp:term":[{"taxonomy":"product_brand","embeddable":true,"href":"https:\/\/www.hirtenberg-apotheke.at\/katalog\/wp-json\/wp\/v2\/product_brand?post=106708"},{"taxonomy":"product_cat","embeddable":true,"href":"https:\/\/www.hirtenberg-apotheke.at\/katalog\/wp-json\/wp\/v2\/product_cat?post=106708"},{"taxonomy":"product_tag","embeddable":true,"href":"https:\/\/www.hirtenberg-apotheke.at\/katalog\/wp-json\/wp\/v2\/product_tag?post=106708"}],"curies":[{"name":"wp","href":"https:\/\/api.w.org\/{rel}","templated":true}]}}