{"id":106712,"date":"2025-12-03T09:36:20","date_gmt":"2025-12-03T08:36:20","guid":{"rendered":"https:\/\/www.hirtenberg-apotheke.at\/katalog\/produkt\/life-light-thyro-formula-unterfunktion-60-stk\/"},"modified":"2025-12-03T09:36:30","modified_gmt":"2025-12-03T08:36:30","slug":"life-light-thyro-formula-unterfunktion-60-stk","status":"publish","type":"product","link":"https:\/\/www.hirtenberg-apotheke.at\/katalog\/produkt\/life-light-thyro-formula-unterfunktion-60-stk\/","title":{"rendered":"Life Light Thyro Formula Unterfunktion 60 Stk."},"content":{"rendered":"<p>Die Life Light Thyro Formula Unterfunktion Kapseln handelt es sich um eine effiziente Phytoformel aus zwei Algenarten, Thymianpulver und Isl\u00e4ndisch Moos, veredelt mit den lebenswichtigen Spurenelementen Zink und Selen sowie den wertvollen Vitaminen A und E. Selen tr\u00e4gt zu einer normalen Schilddr\u00fcsenfunktion bei und unterst\u00fctzt ein gesundes Immunsystem und Zink beg\u00fcnstigt eine normale DNA-Synthese, die Erhaltung normaler Haut, Haare, N\u00e4gel und Knochen und ist wichtig f\u00fcr die Stoffwechselprozesse von N\u00e4hrstoffen. Vitamin E bietet den Zellen einen optimalen Schutz vor oxidativem Stress und Vitamin A unterst\u00fctzt die Sehkraft sowie einen normalen Eisenstoffwechsel und hat eine Funktion bei der Zellteilung. Nahrungserg\u00e4nzungsmittel dienen nicht als Ersatz f\u00fcr eine abwechslungsreiche und ausgewogene Ern\u00e4hrung. Sie sind f\u00fcr Kinder unerreichbar aufzubewahren und die empfohlene Tagesdosis darf nicht \u00fcberschritten werden &#8211; wir f\u00fchren alle Produkte von Apozen zu Sonderpreisen!<\/p>\n","protected":false},"excerpt":{"rendered":"<p>Die Life Light Thyro Formula Unterfunktion Kapseln handelt es sich um eine effiziente Phytoformel aus zwei Algenarten, Thymianpulver und Isl\u00e4ndisch Moos, veredelt mit den lebenswichtigen Spurenelementen Zink und Selen sowie den wertvollen Vitaminen A und E. Selen tr\u00e4gt zu einer normalen Schilddr\u00fcsenfunktion bei und unterst\u00fctzt ein gesundes Immunsystem und Zink beg\u00fcnstigt eine normale DNA-Synthese, die [&hellip;]<\/p>\n","protected":false},"featured_media":106714,"template":"","meta":{"_acf_changed":false},"product_brand":[],"product_cat":[317],"product_tag":[],"class_list":{"0":"post-106712","1":"product","2":"type-product","3":"status-publish","4":"has-post-thumbnail","6":"product_cat-l","7":"pa_packungsgroesse-60-stueck","9":"first","10":"instock","11":"shipping-taxable","12":"purchasable","13":"product-type-simple"},"acf":[],"_links":{"self":[{"href":"https:\/\/www.hirtenberg-apotheke.at\/katalog\/wp-json\/wp\/v2\/product\/106712","targetHints":{"allow":["GET"]}}],"collection":[{"href":"https:\/\/www.hirtenberg-apotheke.at\/katalog\/wp-json\/wp\/v2\/product"}],"about":[{"href":"https:\/\/www.hirtenberg-apotheke.at\/katalog\/wp-json\/wp\/v2\/types\/product"}],"wp:featuredmedia":[{"embeddable":true,"href":"https:\/\/www.hirtenberg-apotheke.at\/katalog\/wp-json\/wp\/v2\/media\/106714"}],"wp:attachment":[{"href":"https:\/\/www.hirtenberg-apotheke.at\/katalog\/wp-json\/wp\/v2\/media?parent=106712"}],"wp:term":[{"taxonomy":"product_brand","embeddable":true,"href":"https:\/\/www.hirtenberg-apotheke.at\/katalog\/wp-json\/wp\/v2\/product_brand?post=106712"},{"taxonomy":"product_cat","embeddable":true,"href":"https:\/\/www.hirtenberg-apotheke.at\/katalog\/wp-json\/wp\/v2\/product_cat?post=106712"},{"taxonomy":"product_tag","embeddable":true,"href":"https:\/\/www.hirtenberg-apotheke.at\/katalog\/wp-json\/wp\/v2\/product_tag?post=106712"}],"curies":[{"name":"wp","href":"https:\/\/api.w.org\/{rel}","templated":true}]}}