{"id":106715,"date":"2025-12-03T09:36:20","date_gmt":"2025-12-03T08:36:20","guid":{"rendered":"https:\/\/www.hirtenberg-apotheke.at\/katalog\/produkt\/tiroler-nussoel-alpin-sonnencreme-lippenschutz-lsf-20-1-pkg\/"},"modified":"2025-12-03T09:36:35","modified_gmt":"2025-12-03T08:36:35","slug":"tiroler-nussoel-alpin-sonnencreme-lippenschutz-lsf-20-1-pkg","status":"publish","type":"product","link":"https:\/\/www.hirtenberg-apotheke.at\/katalog\/produkt\/tiroler-nussoel-alpin-sonnencreme-lippenschutz-lsf-20-1-pkg\/","title":{"rendered":"Tiroler Nuss\u00f6l Alpin Sonnencreme &#038; Lippenschutz LSF 20 1 Pkg."},"content":{"rendered":"<p>Tiroler Nuss\u00f6l Alpin Sonnencreme &#038; Lippenschutz LSF 20 mit 20 ml Sonnencreme + 2 g Lippenschutz erf\u00fcllt alle Anforderungen, welche der Winter im Gebirge an die Haut stellt. Zu K\u00e4lte und Wind kommen eine erh\u00f6hte UV-Strahlung und reflektierender Schnee hinzu und erfordern einen gesteigerten Sonnenschutz.<\/p>\n","protected":false},"excerpt":{"rendered":"<p>Tiroler Nuss\u00f6l Alpin Sonnencreme &#038; Lippenschutz LSF 20 mit 20 ml Sonnencreme + 2 g Lippenschutz erf\u00fcllt alle Anforderungen, welche der Winter im Gebirge an die Haut stellt. Zu K\u00e4lte und Wind kommen eine erh\u00f6hte UV-Strahlung und reflektierender Schnee hinzu und erfordern einen gesteigerten Sonnenschutz.<\/p>\n","protected":false},"featured_media":106717,"template":"","meta":{"_acf_changed":false},"product_brand":[],"product_cat":[319],"product_tag":[],"class_list":{"0":"post-106715","1":"product","2":"type-product","3":"status-publish","4":"has-post-thumbnail","6":"product_cat-t","7":"pa_packungsgroesse-482","9":"first","10":"instock","11":"shipping-taxable","12":"purchasable","13":"product-type-simple"},"acf":[],"_links":{"self":[{"href":"https:\/\/www.hirtenberg-apotheke.at\/katalog\/wp-json\/wp\/v2\/product\/106715","targetHints":{"allow":["GET"]}}],"collection":[{"href":"https:\/\/www.hirtenberg-apotheke.at\/katalog\/wp-json\/wp\/v2\/product"}],"about":[{"href":"https:\/\/www.hirtenberg-apotheke.at\/katalog\/wp-json\/wp\/v2\/types\/product"}],"wp:featuredmedia":[{"embeddable":true,"href":"https:\/\/www.hirtenberg-apotheke.at\/katalog\/wp-json\/wp\/v2\/media\/106717"}],"wp:attachment":[{"href":"https:\/\/www.hirtenberg-apotheke.at\/katalog\/wp-json\/wp\/v2\/media?parent=106715"}],"wp:term":[{"taxonomy":"product_brand","embeddable":true,"href":"https:\/\/www.hirtenberg-apotheke.at\/katalog\/wp-json\/wp\/v2\/product_brand?post=106715"},{"taxonomy":"product_cat","embeddable":true,"href":"https:\/\/www.hirtenberg-apotheke.at\/katalog\/wp-json\/wp\/v2\/product_cat?post=106715"},{"taxonomy":"product_tag","embeddable":true,"href":"https:\/\/www.hirtenberg-apotheke.at\/katalog\/wp-json\/wp\/v2\/product_tag?post=106715"}],"curies":[{"name":"wp","href":"https:\/\/api.w.org\/{rel}","templated":true}]}}