{"id":106728,"date":"2025-12-03T09:36:58","date_gmt":"2025-12-03T08:36:58","guid":{"rendered":"https:\/\/www.hirtenberg-apotheke.at\/katalog\/produkt\/gall-pharma-topinambur-aminosaeure-vitalkapseln-60-stk\/"},"modified":"2025-12-03T09:37:20","modified_gmt":"2025-12-03T08:37:20","slug":"gall-pharma-topinambur-aminosaeure-vitalkapseln-60-stk","status":"publish","type":"product","link":"https:\/\/www.hirtenberg-apotheke.at\/katalog\/produkt\/gall-pharma-topinambur-aminosaeure-vitalkapseln-60-stk\/","title":{"rendered":"Gall Pharma Topinambur Aminos\u00e4ure Vitalkapseln 60 Stk."},"content":{"rendered":"<p>Gall Pharma Topinambur Aminos\u00e4ure Vitalkapseln sind eine Kombination aus ballaststoffreichem Topinambur Pulver und Topinambur Trockenextrakt, sowie Aminos\u00e4uren und Vitaminen. Die enthaltenen Aminos\u00e4uren beeinflussen die Fettverbrennung. Der Topinambur \u00fcberzeugt durch seine s\u00e4ttigende Wirkung.<\/p>\n","protected":false},"excerpt":{"rendered":"<p>Gall Pharma Topinambur Aminos\u00e4ure Vitalkapseln sind eine Kombination aus ballaststoffreichem Topinambur Pulver und Topinambur Trockenextrakt, sowie Aminos\u00e4uren und Vitaminen. Die enthaltenen Aminos\u00e4uren beeinflussen die Fettverbrennung. Der Topinambur \u00fcberzeugt durch seine s\u00e4ttigende Wirkung.<\/p>\n","protected":false},"featured_media":106730,"template":"","meta":{"_acf_changed":false},"product_brand":[],"product_cat":[328],"product_tag":[],"class_list":{"0":"post-106728","1":"product","2":"type-product","3":"status-publish","4":"has-post-thumbnail","6":"product_cat-g","7":"pa_packungsgroesse-60-stueck","9":"first","10":"instock","11":"shipping-taxable","12":"purchasable","13":"product-type-simple"},"acf":[],"_links":{"self":[{"href":"https:\/\/www.hirtenberg-apotheke.at\/katalog\/wp-json\/wp\/v2\/product\/106728","targetHints":{"allow":["GET"]}}],"collection":[{"href":"https:\/\/www.hirtenberg-apotheke.at\/katalog\/wp-json\/wp\/v2\/product"}],"about":[{"href":"https:\/\/www.hirtenberg-apotheke.at\/katalog\/wp-json\/wp\/v2\/types\/product"}],"wp:featuredmedia":[{"embeddable":true,"href":"https:\/\/www.hirtenberg-apotheke.at\/katalog\/wp-json\/wp\/v2\/media\/106730"}],"wp:attachment":[{"href":"https:\/\/www.hirtenberg-apotheke.at\/katalog\/wp-json\/wp\/v2\/media?parent=106728"}],"wp:term":[{"taxonomy":"product_brand","embeddable":true,"href":"https:\/\/www.hirtenberg-apotheke.at\/katalog\/wp-json\/wp\/v2\/product_brand?post=106728"},{"taxonomy":"product_cat","embeddable":true,"href":"https:\/\/www.hirtenberg-apotheke.at\/katalog\/wp-json\/wp\/v2\/product_cat?post=106728"},{"taxonomy":"product_tag","embeddable":true,"href":"https:\/\/www.hirtenberg-apotheke.at\/katalog\/wp-json\/wp\/v2\/product_tag?post=106728"}],"curies":[{"name":"wp","href":"https:\/\/api.w.org\/{rel}","templated":true}]}}