{"id":106733,"date":"2025-12-03T09:36:58","date_gmt":"2025-12-03T08:36:58","guid":{"rendered":"https:\/\/www.hirtenberg-apotheke.at\/katalog\/produkt\/gall-pharma-gall-pharma-topinambur-pe-kapseln-120-stk\/"},"modified":"2025-12-03T09:37:24","modified_gmt":"2025-12-03T08:37:24","slug":"gall-pharma-gall-pharma-topinambur-pe-kapseln-120-stk","status":"publish","type":"product","link":"https:\/\/www.hirtenberg-apotheke.at\/katalog\/produkt\/gall-pharma-gall-pharma-topinambur-pe-kapseln-120-stk\/","title":{"rendered":"Gall Pharma Gall Pharma Topinambur Pe Kapseln 120 Stk."},"content":{"rendered":"<p>Topinambur PE GPH Kapseln sind eine ideale Nahrungserg\u00e4nzung f\u00fcr Diabetiker und verursachen indirekt eine Verringerung des Hungergef\u00fchls. Topinambur-Kohlenhydrate sind ein gutes N\u00e4hrmedium f\u00fcr die Bifidus-Darmflora und wirken sich daher positiv regulierend auf die Darmt\u00e4tigkeit aus.<\/p>\n","protected":false},"excerpt":{"rendered":"<p>Topinambur PE GPH Kapseln sind eine ideale Nahrungserg\u00e4nzung f\u00fcr Diabetiker und verursachen indirekt eine Verringerung des Hungergef\u00fchls. Topinambur-Kohlenhydrate sind ein gutes N\u00e4hrmedium f\u00fcr die Bifidus-Darmflora und wirken sich daher positiv regulierend auf die Darmt\u00e4tigkeit aus.<\/p>\n","protected":false},"featured_media":106735,"template":"","meta":{"_acf_changed":false},"product_brand":[],"product_cat":[328],"product_tag":[],"class_list":{"0":"post-106733","1":"product","2":"type-product","3":"status-publish","4":"has-post-thumbnail","6":"product_cat-g","7":"pa_packungsgroesse-120-stueck","9":"first","10":"instock","11":"shipping-taxable","12":"purchasable","13":"product-type-simple"},"acf":[],"_links":{"self":[{"href":"https:\/\/www.hirtenberg-apotheke.at\/katalog\/wp-json\/wp\/v2\/product\/106733","targetHints":{"allow":["GET"]}}],"collection":[{"href":"https:\/\/www.hirtenberg-apotheke.at\/katalog\/wp-json\/wp\/v2\/product"}],"about":[{"href":"https:\/\/www.hirtenberg-apotheke.at\/katalog\/wp-json\/wp\/v2\/types\/product"}],"wp:featuredmedia":[{"embeddable":true,"href":"https:\/\/www.hirtenberg-apotheke.at\/katalog\/wp-json\/wp\/v2\/media\/106735"}],"wp:attachment":[{"href":"https:\/\/www.hirtenberg-apotheke.at\/katalog\/wp-json\/wp\/v2\/media?parent=106733"}],"wp:term":[{"taxonomy":"product_brand","embeddable":true,"href":"https:\/\/www.hirtenberg-apotheke.at\/katalog\/wp-json\/wp\/v2\/product_brand?post=106733"},{"taxonomy":"product_cat","embeddable":true,"href":"https:\/\/www.hirtenberg-apotheke.at\/katalog\/wp-json\/wp\/v2\/product_cat?post=106733"},{"taxonomy":"product_tag","embeddable":true,"href":"https:\/\/www.hirtenberg-apotheke.at\/katalog\/wp-json\/wp\/v2\/product_tag?post=106733"}],"curies":[{"name":"wp","href":"https:\/\/api.w.org\/{rel}","templated":true}]}}