{"id":106736,"date":"2025-12-03T09:37:23","date_gmt":"2025-12-03T08:37:23","guid":{"rendered":"https:\/\/www.hirtenberg-apotheke.at\/katalog\/produkt\/gall-pharma-topinambur-plus-spray-50-ml\/"},"modified":"2025-12-03T09:37:32","modified_gmt":"2025-12-03T08:37:32","slug":"gall-pharma-topinambur-plus-spray-50-ml","status":"publish","type":"product","link":"https:\/\/www.hirtenberg-apotheke.at\/katalog\/produkt\/gall-pharma-topinambur-plus-spray-50-ml\/","title":{"rendered":"Gall Pharma Topinambur Plus Spray 50 ml"},"content":{"rendered":"<p>Gall Pharma Topinambur Plus Spray enth\u00e4lt den alkoholischen Auszug aus der Topinamburknolle und den Fettstoffwechsel beeinflussende Substanzen: L-Carnitin, Cholinchlorid und Inositol. Neben den f\u00fcr die Knolle typischen Ballaststoffen, die auf Grund des Quellverhaltens eine s\u00e4ttigende und appetitmindernde Wirkung haben, unterst\u00fctzen die zus\u00e4tzlich enthaltenen Substanzen den Fettstoffwechsel.<\/p>\n","protected":false},"excerpt":{"rendered":"<p>Gall Pharma Topinambur Plus Spray enth\u00e4lt den alkoholischen Auszug aus der Topinamburknolle und den Fettstoffwechsel beeinflussende Substanzen: L-Carnitin, Cholinchlorid und Inositol. Neben den f\u00fcr die Knolle typischen Ballaststoffen, die auf Grund des Quellverhaltens eine s\u00e4ttigende und appetitmindernde Wirkung haben, unterst\u00fctzen die zus\u00e4tzlich enthaltenen Substanzen den Fettstoffwechsel.<\/p>\n","protected":false},"featured_media":106738,"template":"","meta":{"_acf_changed":false},"product_brand":[],"product_cat":[328],"product_tag":[],"class_list":{"0":"post-106736","1":"product","2":"type-product","3":"status-publish","4":"has-post-thumbnail","6":"product_cat-g","7":"pa_packungsgroesse-50ml","9":"first","10":"instock","11":"shipping-taxable","12":"purchasable","13":"product-type-simple"},"acf":[],"_links":{"self":[{"href":"https:\/\/www.hirtenberg-apotheke.at\/katalog\/wp-json\/wp\/v2\/product\/106736","targetHints":{"allow":["GET"]}}],"collection":[{"href":"https:\/\/www.hirtenberg-apotheke.at\/katalog\/wp-json\/wp\/v2\/product"}],"about":[{"href":"https:\/\/www.hirtenberg-apotheke.at\/katalog\/wp-json\/wp\/v2\/types\/product"}],"wp:featuredmedia":[{"embeddable":true,"href":"https:\/\/www.hirtenberg-apotheke.at\/katalog\/wp-json\/wp\/v2\/media\/106738"}],"wp:attachment":[{"href":"https:\/\/www.hirtenberg-apotheke.at\/katalog\/wp-json\/wp\/v2\/media?parent=106736"}],"wp:term":[{"taxonomy":"product_brand","embeddable":true,"href":"https:\/\/www.hirtenberg-apotheke.at\/katalog\/wp-json\/wp\/v2\/product_brand?post=106736"},{"taxonomy":"product_cat","embeddable":true,"href":"https:\/\/www.hirtenberg-apotheke.at\/katalog\/wp-json\/wp\/v2\/product_cat?post=106736"},{"taxonomy":"product_tag","embeddable":true,"href":"https:\/\/www.hirtenberg-apotheke.at\/katalog\/wp-json\/wp\/v2\/product_tag?post=106736"}],"curies":[{"name":"wp","href":"https:\/\/api.w.org\/{rel}","templated":true}]}}