{"id":106750,"date":"2025-12-03T09:37:23","date_gmt":"2025-12-03T08:37:23","guid":{"rendered":"https:\/\/www.hirtenberg-apotheke.at\/katalog\/produkt\/gall-pharma-topinambur-sirup-250-ml\/"},"modified":"2025-12-03T09:38:00","modified_gmt":"2025-12-03T08:38:00","slug":"gall-pharma-topinambur-sirup-250-ml","status":"publish","type":"product","link":"https:\/\/www.hirtenberg-apotheke.at\/katalog\/produkt\/gall-pharma-topinambur-sirup-250-ml\/","title":{"rendered":"Gall Pharma Topinambur Sirup 250 ml"},"content":{"rendered":"<p>Topinambur GPH Sirup mit Inulin und Fruktose als nat\u00fcrliche Zucker, Mineralien und Vitaminen ist ein kalorienreduziertes und ballaststoffreiches Lebensmittel. Der Sirup hat eine appetitz\u00fcgelnde Wirkung sowie eine nachgewiesene positive Auswirkung auf den Blutzucker-, Cholesterin- und Harns\u00e4urespiegel. Dieses Produkt ist in den Varianten 250 ml und 500 ml f\u00fcr Sie erh\u00e4ltlich.<\/p>\n","protected":false},"excerpt":{"rendered":"<p>Topinambur GPH Sirup mit Inulin und Fruktose als nat\u00fcrliche Zucker, Mineralien und Vitaminen ist ein kalorienreduziertes und ballaststoffreiches Lebensmittel. Der Sirup hat eine appetitz\u00fcgelnde Wirkung sowie eine nachgewiesene positive Auswirkung auf den Blutzucker-, Cholesterin- und Harns\u00e4urespiegel. Dieses Produkt ist in den Varianten 250 ml und 500 ml f\u00fcr Sie erh\u00e4ltlich.<\/p>\n","protected":false},"featured_media":106752,"template":"","meta":{"_acf_changed":false},"product_brand":[],"product_cat":[328],"product_tag":[],"class_list":{"0":"post-106750","1":"product","2":"type-product","3":"status-publish","4":"has-post-thumbnail","6":"product_cat-g","7":"pa_packungsgroesse-250ml","9":"first","10":"instock","11":"shipping-taxable","12":"purchasable","13":"product-type-simple"},"acf":[],"_links":{"self":[{"href":"https:\/\/www.hirtenberg-apotheke.at\/katalog\/wp-json\/wp\/v2\/product\/106750","targetHints":{"allow":["GET"]}}],"collection":[{"href":"https:\/\/www.hirtenberg-apotheke.at\/katalog\/wp-json\/wp\/v2\/product"}],"about":[{"href":"https:\/\/www.hirtenberg-apotheke.at\/katalog\/wp-json\/wp\/v2\/types\/product"}],"wp:featuredmedia":[{"embeddable":true,"href":"https:\/\/www.hirtenberg-apotheke.at\/katalog\/wp-json\/wp\/v2\/media\/106752"}],"wp:attachment":[{"href":"https:\/\/www.hirtenberg-apotheke.at\/katalog\/wp-json\/wp\/v2\/media?parent=106750"}],"wp:term":[{"taxonomy":"product_brand","embeddable":true,"href":"https:\/\/www.hirtenberg-apotheke.at\/katalog\/wp-json\/wp\/v2\/product_brand?post=106750"},{"taxonomy":"product_cat","embeddable":true,"href":"https:\/\/www.hirtenberg-apotheke.at\/katalog\/wp-json\/wp\/v2\/product_cat?post=106750"},{"taxonomy":"product_tag","embeddable":true,"href":"https:\/\/www.hirtenberg-apotheke.at\/katalog\/wp-json\/wp\/v2\/product_tag?post=106750"}],"curies":[{"name":"wp","href":"https:\/\/api.w.org\/{rel}","templated":true}]}}