{"id":106827,"date":"2025-12-03T09:39:23","date_gmt":"2025-12-03T08:39:23","guid":{"rendered":"https:\/\/www.hirtenberg-apotheke.at\/katalog\/produkt\/life-light-verte-pro-akut-kapseln-60-stk\/"},"modified":"2025-12-03T09:40:02","modified_gmt":"2025-12-03T08:40:02","slug":"life-light-verte-pro-akut-kapseln-60-stk","status":"publish","type":"product","link":"https:\/\/www.hirtenberg-apotheke.at\/katalog\/produkt\/life-light-verte-pro-akut-kapseln-60-stk\/","title":{"rendered":"Life Light Verte Pro Akut Kapseln 60 Stk."},"content":{"rendered":"<p>Life Light Verte Pro Akut Kapseln sind ein orthomolekularer Mikron\u00e4hrstoffkomplex mit 3 synergistischen N\u00e4hrstoffmodulen speziell f\u00fcr eine normale Funktion von Knochen, Gelenken und Knorpeln, auch am R\u00fccken. Sie tragen tragen zu einer normalen Funktion des Nervensystems bei. Zus\u00e4tzlich tragen sie zum normalen Energiestoffwechsel bei.<\/p>\n","protected":false},"excerpt":{"rendered":"<p>Life Light Verte Pro Akut Kapseln sind ein orthomolekularer Mikron\u00e4hrstoffkomplex mit 3 synergistischen N\u00e4hrstoffmodulen speziell f\u00fcr eine normale Funktion von Knochen, Gelenken und Knorpeln, auch am R\u00fccken. Sie tragen tragen zu einer normalen Funktion des Nervensystems bei. Zus\u00e4tzlich tragen sie zum normalen Energiestoffwechsel bei.<\/p>\n","protected":false},"featured_media":106829,"template":"","meta":{"_acf_changed":false},"product_brand":[],"product_cat":[317],"product_tag":[],"class_list":{"0":"post-106827","1":"product","2":"type-product","3":"status-publish","4":"has-post-thumbnail","6":"product_cat-l","7":"pa_packungsgroesse-60-stueck","9":"first","10":"instock","11":"shipping-taxable","12":"purchasable","13":"product-type-simple"},"acf":[],"_links":{"self":[{"href":"https:\/\/www.hirtenberg-apotheke.at\/katalog\/wp-json\/wp\/v2\/product\/106827","targetHints":{"allow":["GET"]}}],"collection":[{"href":"https:\/\/www.hirtenberg-apotheke.at\/katalog\/wp-json\/wp\/v2\/product"}],"about":[{"href":"https:\/\/www.hirtenberg-apotheke.at\/katalog\/wp-json\/wp\/v2\/types\/product"}],"wp:featuredmedia":[{"embeddable":true,"href":"https:\/\/www.hirtenberg-apotheke.at\/katalog\/wp-json\/wp\/v2\/media\/106829"}],"wp:attachment":[{"href":"https:\/\/www.hirtenberg-apotheke.at\/katalog\/wp-json\/wp\/v2\/media?parent=106827"}],"wp:term":[{"taxonomy":"product_brand","embeddable":true,"href":"https:\/\/www.hirtenberg-apotheke.at\/katalog\/wp-json\/wp\/v2\/product_brand?post=106827"},{"taxonomy":"product_cat","embeddable":true,"href":"https:\/\/www.hirtenberg-apotheke.at\/katalog\/wp-json\/wp\/v2\/product_cat?post=106827"},{"taxonomy":"product_tag","embeddable":true,"href":"https:\/\/www.hirtenberg-apotheke.at\/katalog\/wp-json\/wp\/v2\/product_tag?post=106827"}],"curies":[{"name":"wp","href":"https:\/\/api.w.org\/{rel}","templated":true}]}}