{"id":106848,"date":"2025-12-03T09:40:36","date_gmt":"2025-12-03T08:40:36","guid":{"rendered":"https:\/\/www.hirtenberg-apotheke.at\/katalog\/produkt\/vichy-capital-soleil-multi-protect-milch-lsf-30-200-ml\/"},"modified":"2025-12-03T09:40:42","modified_gmt":"2025-12-03T08:40:42","slug":"vichy-capital-soleil-multi-protect-milch-lsf-30-200-ml","status":"publish","type":"product","link":"https:\/\/www.hirtenberg-apotheke.at\/katalog\/produkt\/vichy-capital-soleil-multi-protect-milch-lsf-30-200-ml\/","title":{"rendered":"VICHY Capital Soleil Multi Protect Milch LSF 30 200 ml"},"content":{"rendered":"<p>VICHY Capital Soleil Multi Protect LSF30 sch\u00fctzt die Haut vor Sonnenstrahlungen und vermeidet sonnenbedingte Sch\u00e4digungen. Die leichte Textur l\u00e4sst sich gut auf die Haut auftragen und bietet hohen Schutz, selbst bei Sand-Kontakt &#8211; wir f\u00fchren alle Produkte von Vichy zu Sonderpreisen!<\/p>\n","protected":false},"excerpt":{"rendered":"<p>VICHY Capital Soleil Multi Protect LSF30 sch\u00fctzt die Haut vor Sonnenstrahlungen und vermeidet sonnenbedingte Sch\u00e4digungen. Die leichte Textur l\u00e4sst sich gut auf die Haut auftragen und bietet hohen Schutz, selbst bei Sand-Kontakt &#8211; wir f\u00fchren alle Produkte von Vichy zu Sonderpreisen!<\/p>\n","protected":false},"featured_media":106850,"template":"","meta":{"_acf_changed":false},"product_brand":[691],"product_cat":[300],"product_tag":[],"class_list":{"0":"post-106848","1":"product","2":"type-product","3":"status-publish","4":"has-post-thumbnail","6":"product_brand-vichy","7":"product_cat-v","8":"pa_packungsgroesse-200ml","10":"first","11":"instock","12":"shipping-taxable","13":"purchasable","14":"product-type-simple"},"acf":[],"_links":{"self":[{"href":"https:\/\/www.hirtenberg-apotheke.at\/katalog\/wp-json\/wp\/v2\/product\/106848","targetHints":{"allow":["GET"]}}],"collection":[{"href":"https:\/\/www.hirtenberg-apotheke.at\/katalog\/wp-json\/wp\/v2\/product"}],"about":[{"href":"https:\/\/www.hirtenberg-apotheke.at\/katalog\/wp-json\/wp\/v2\/types\/product"}],"wp:featuredmedia":[{"embeddable":true,"href":"https:\/\/www.hirtenberg-apotheke.at\/katalog\/wp-json\/wp\/v2\/media\/106850"}],"wp:attachment":[{"href":"https:\/\/www.hirtenberg-apotheke.at\/katalog\/wp-json\/wp\/v2\/media?parent=106848"}],"wp:term":[{"taxonomy":"product_brand","embeddable":true,"href":"https:\/\/www.hirtenberg-apotheke.at\/katalog\/wp-json\/wp\/v2\/product_brand?post=106848"},{"taxonomy":"product_cat","embeddable":true,"href":"https:\/\/www.hirtenberg-apotheke.at\/katalog\/wp-json\/wp\/v2\/product_cat?post=106848"},{"taxonomy":"product_tag","embeddable":true,"href":"https:\/\/www.hirtenberg-apotheke.at\/katalog\/wp-json\/wp\/v2\/product_tag?post=106848"}],"curies":[{"name":"wp","href":"https:\/\/api.w.org\/{rel}","templated":true}]}}