{"id":106891,"date":"2025-12-03T09:42:08","date_gmt":"2025-12-03T08:42:08","guid":{"rendered":"https:\/\/www.hirtenberg-apotheke.at\/katalog\/produkt\/vichy-dermablend-teint-korrigierendes-make-up-30-beige-30-ml\/"},"modified":"2025-12-03T09:42:29","modified_gmt":"2025-12-03T08:42:29","slug":"vichy-dermablend-teint-korrigierendes-make-up-30-beige-30-ml","status":"publish","type":"product","link":"https:\/\/www.hirtenberg-apotheke.at\/katalog\/produkt\/vichy-dermablend-teint-korrigierendes-make-up-30-beige-30-ml\/","title":{"rendered":"VICHY Dermablend Teint-korrigierendes Make-Up 30 Beige 30 ml"},"content":{"rendered":"<p>VICHY Dermablend Teint-korrigierendes Make-Up 30 Beige ist ideal zum Abdecken von leichten Hautunregelm\u00e4\u00dfigkeiten wie R\u00f6tungen, Mitessern, Augenringen, geplatzten \u00c4derchen oder kleinen Narben.<\/p>\n","protected":false},"excerpt":{"rendered":"<p>VICHY Dermablend Teint-korrigierendes Make-Up 30 Beige ist ideal zum Abdecken von leichten Hautunregelm\u00e4\u00dfigkeiten wie R\u00f6tungen, Mitessern, Augenringen, geplatzten \u00c4derchen oder kleinen Narben.<\/p>\n","protected":false},"featured_media":106893,"template":"","meta":{"_acf_changed":false},"product_brand":[691],"product_cat":[300],"product_tag":[],"class_list":{"0":"post-106891","1":"product","2":"type-product","3":"status-publish","4":"has-post-thumbnail","6":"product_brand-vichy","7":"product_cat-v","8":"pa_packungsgroesse-30ml","10":"first","11":"instock","12":"shipping-taxable","13":"purchasable","14":"product-type-simple"},"acf":[],"_links":{"self":[{"href":"https:\/\/www.hirtenberg-apotheke.at\/katalog\/wp-json\/wp\/v2\/product\/106891","targetHints":{"allow":["GET"]}}],"collection":[{"href":"https:\/\/www.hirtenberg-apotheke.at\/katalog\/wp-json\/wp\/v2\/product"}],"about":[{"href":"https:\/\/www.hirtenberg-apotheke.at\/katalog\/wp-json\/wp\/v2\/types\/product"}],"wp:featuredmedia":[{"embeddable":true,"href":"https:\/\/www.hirtenberg-apotheke.at\/katalog\/wp-json\/wp\/v2\/media\/106893"}],"wp:attachment":[{"href":"https:\/\/www.hirtenberg-apotheke.at\/katalog\/wp-json\/wp\/v2\/media?parent=106891"}],"wp:term":[{"taxonomy":"product_brand","embeddable":true,"href":"https:\/\/www.hirtenberg-apotheke.at\/katalog\/wp-json\/wp\/v2\/product_brand?post=106891"},{"taxonomy":"product_cat","embeddable":true,"href":"https:\/\/www.hirtenberg-apotheke.at\/katalog\/wp-json\/wp\/v2\/product_cat?post=106891"},{"taxonomy":"product_tag","embeddable":true,"href":"https:\/\/www.hirtenberg-apotheke.at\/katalog\/wp-json\/wp\/v2\/product_tag?post=106891"}],"curies":[{"name":"wp","href":"https:\/\/api.w.org\/{rel}","templated":true}]}}