{"id":106941,"date":"2025-12-03T09:43:21","date_gmt":"2025-12-03T08:43:21","guid":{"rendered":"https:\/\/www.hirtenberg-apotheke.at\/katalog\/produkt\/tandex-flexi-interdental-buersten-6-stk-tuerkis\/"},"modified":"2025-12-03T09:43:23","modified_gmt":"2025-12-03T08:43:23","slug":"tandex-flexi-interdental-buersten-6-stk-tuerkis","status":"publish","type":"product","link":"https:\/\/www.hirtenberg-apotheke.at\/katalog\/produkt\/tandex-flexi-interdental-buersten-6-stk-tuerkis\/","title":{"rendered":"Tandex Flexi Interdental-B\u00fcrsten 6 Stk. T\u00fcrkis"},"content":{"rendered":"<p>Tandex Flexi Interdental-B\u00fcrsten ist eine Zahnzwischenraumb\u00fcrste mit weichem, ergonomisch geformten NON-SLIP-Griff. Dadurch wird eine sichere F\u00fchrung des B\u00fcrstchens auch bei nassen Fingern m\u00f6glich.<\/p>\n","protected":false},"excerpt":{"rendered":"<p>Tandex Flexi Interdental-B\u00fcrsten ist eine Zahnzwischenraumb\u00fcrste mit weichem, ergonomisch geformten NON-SLIP-Griff. Dadurch wird eine sichere F\u00fchrung des B\u00fcrstchens auch bei nassen Fingern m\u00f6glich.<\/p>\n","protected":false},"featured_media":0,"template":"","meta":{"_acf_changed":false},"product_brand":[],"product_cat":[319],"product_tag":[],"class_list":{"0":"post-106941","1":"product","2":"type-product","3":"status-publish","5":"product_cat-t","6":"pa_packungsgroesse-6-stueck","8":"first","9":"instock","10":"shipping-taxable","11":"purchasable","12":"product-type-simple"},"acf":[],"_links":{"self":[{"href":"https:\/\/www.hirtenberg-apotheke.at\/katalog\/wp-json\/wp\/v2\/product\/106941","targetHints":{"allow":["GET"]}}],"collection":[{"href":"https:\/\/www.hirtenberg-apotheke.at\/katalog\/wp-json\/wp\/v2\/product"}],"about":[{"href":"https:\/\/www.hirtenberg-apotheke.at\/katalog\/wp-json\/wp\/v2\/types\/product"}],"wp:attachment":[{"href":"https:\/\/www.hirtenberg-apotheke.at\/katalog\/wp-json\/wp\/v2\/media?parent=106941"}],"wp:term":[{"taxonomy":"product_brand","embeddable":true,"href":"https:\/\/www.hirtenberg-apotheke.at\/katalog\/wp-json\/wp\/v2\/product_brand?post=106941"},{"taxonomy":"product_cat","embeddable":true,"href":"https:\/\/www.hirtenberg-apotheke.at\/katalog\/wp-json\/wp\/v2\/product_cat?post=106941"},{"taxonomy":"product_tag","embeddable":true,"href":"https:\/\/www.hirtenberg-apotheke.at\/katalog\/wp-json\/wp\/v2\/product_tag?post=106941"}],"curies":[{"name":"wp","href":"https:\/\/api.w.org\/{rel}","templated":true}]}}