{"id":107096,"date":"2025-12-03T09:46:54","date_gmt":"2025-12-03T08:46:54","guid":{"rendered":"https:\/\/www.hirtenberg-apotheke.at\/katalog\/produkt\/life-light-tcm-tem-kraeuterkomplex-erde-50-ml\/"},"modified":"2025-12-03T09:46:56","modified_gmt":"2025-12-03T08:46:56","slug":"life-light-tcm-tem-kraeuterkomplex-erde-50-ml","status":"publish","type":"product","link":"https:\/\/www.hirtenberg-apotheke.at\/katalog\/produkt\/life-light-tcm-tem-kraeuterkomplex-erde-50-ml\/","title":{"rendered":"Life Light TCM\/TEM-Kr\u00e4uterkomplex Erde 50 ml"},"content":{"rendered":"<p>Der Life Light TCM\/TEM-Kr\u00e4uterkomplex Erde ist ein hochwertiges Kr\u00e4uterdestillat f\u00fcr das Element \u201eErde\u201c mit 12 synergistischen Kr\u00e4utern der europ\u00e4ischen Kr\u00e4uterkunde wie Anis, Engelwurz, Fenchel, Schafgarbe, Blutwurz u.v.m und hat einen Alkoholgehalt von 21%. Nahrungserg\u00e4nzungsmittel dienen nicht als Ersatz f\u00fcr eine abwechslungsreiche und ausgewogene Ern\u00e4hrung. Sie sind f\u00fcr Kinder unerreichbar aufzubewahren und die empfohlene Tagesdosis darf nicht \u00fcberschritten werden.<\/p>\n","protected":false},"excerpt":{"rendered":"<p>Der Life Light TCM\/TEM-Kr\u00e4uterkomplex Erde ist ein hochwertiges Kr\u00e4uterdestillat f\u00fcr das Element \u201eErde\u201c mit 12 synergistischen Kr\u00e4utern der europ\u00e4ischen Kr\u00e4uterkunde wie Anis, Engelwurz, Fenchel, Schafgarbe, Blutwurz u.v.m und hat einen Alkoholgehalt von 21%. Nahrungserg\u00e4nzungsmittel dienen nicht als Ersatz f\u00fcr eine abwechslungsreiche und ausgewogene Ern\u00e4hrung. Sie sind f\u00fcr Kinder unerreichbar aufzubewahren und die empfohlene Tagesdosis darf [&hellip;]<\/p>\n","protected":false},"featured_media":0,"template":"","meta":{"_acf_changed":false},"product_brand":[],"product_cat":[317],"product_tag":[],"class_list":{"0":"post-107096","1":"product","2":"type-product","3":"status-publish","5":"product_cat-l","6":"pa_packungsgroesse-50ml","8":"first","9":"instock","10":"shipping-taxable","11":"purchasable","12":"product-type-simple"},"acf":[],"_links":{"self":[{"href":"https:\/\/www.hirtenberg-apotheke.at\/katalog\/wp-json\/wp\/v2\/product\/107096","targetHints":{"allow":["GET"]}}],"collection":[{"href":"https:\/\/www.hirtenberg-apotheke.at\/katalog\/wp-json\/wp\/v2\/product"}],"about":[{"href":"https:\/\/www.hirtenberg-apotheke.at\/katalog\/wp-json\/wp\/v2\/types\/product"}],"wp:attachment":[{"href":"https:\/\/www.hirtenberg-apotheke.at\/katalog\/wp-json\/wp\/v2\/media?parent=107096"}],"wp:term":[{"taxonomy":"product_brand","embeddable":true,"href":"https:\/\/www.hirtenberg-apotheke.at\/katalog\/wp-json\/wp\/v2\/product_brand?post=107096"},{"taxonomy":"product_cat","embeddable":true,"href":"https:\/\/www.hirtenberg-apotheke.at\/katalog\/wp-json\/wp\/v2\/product_cat?post=107096"},{"taxonomy":"product_tag","embeddable":true,"href":"https:\/\/www.hirtenberg-apotheke.at\/katalog\/wp-json\/wp\/v2\/product_tag?post=107096"}],"curies":[{"name":"wp","href":"https:\/\/api.w.org\/{rel}","templated":true}]}}