{"id":107124,"date":"2025-12-03T09:47:19","date_gmt":"2025-12-03T08:47:19","guid":{"rendered":"https:\/\/www.hirtenberg-apotheke.at\/katalog\/produkt\/tena-discreet-mini-magic-34-stk\/"},"modified":"2025-12-03T09:47:42","modified_gmt":"2025-12-03T08:47:42","slug":"tena-discreet-mini-magic-34-stk","status":"publish","type":"product","link":"https:\/\/www.hirtenberg-apotheke.at\/katalog\/produkt\/tena-discreet-mini-magic-34-stk\/","title":{"rendered":"Tena Discreet Mini Magic 34 Stk."},"content":{"rendered":"<p>Tena Discreet Mini Magic bietet trotz ihrer minimalen Gr\u00f6\u00dfe sicheren Schutz sowohl bei mittlerer Blasenschw\u00e4che und leichtem Harnverlust, als auch gelegentlichen Tr\u00f6pfchen. Diskret und sicher.<\/p>\n","protected":false},"excerpt":{"rendered":"<p>Tena Discreet Mini Magic bietet trotz ihrer minimalen Gr\u00f6\u00dfe sicheren Schutz sowohl bei mittlerer Blasenschw\u00e4che und leichtem Harnverlust, als auch gelegentlichen Tr\u00f6pfchen. Diskret und sicher.<\/p>\n","protected":false},"featured_media":107126,"template":"","meta":{"_acf_changed":false},"product_brand":[961],"product_cat":[319],"product_tag":[],"class_list":{"0":"post-107124","1":"product","2":"type-product","3":"status-publish","4":"has-post-thumbnail","6":"product_brand-tena","7":"product_cat-t","8":"pa_packungsgroesse-34-stueck","10":"first","11":"instock","12":"shipping-taxable","13":"purchasable","14":"product-type-simple"},"acf":[],"_links":{"self":[{"href":"https:\/\/www.hirtenberg-apotheke.at\/katalog\/wp-json\/wp\/v2\/product\/107124","targetHints":{"allow":["GET"]}}],"collection":[{"href":"https:\/\/www.hirtenberg-apotheke.at\/katalog\/wp-json\/wp\/v2\/product"}],"about":[{"href":"https:\/\/www.hirtenberg-apotheke.at\/katalog\/wp-json\/wp\/v2\/types\/product"}],"wp:featuredmedia":[{"embeddable":true,"href":"https:\/\/www.hirtenberg-apotheke.at\/katalog\/wp-json\/wp\/v2\/media\/107126"}],"wp:attachment":[{"href":"https:\/\/www.hirtenberg-apotheke.at\/katalog\/wp-json\/wp\/v2\/media?parent=107124"}],"wp:term":[{"taxonomy":"product_brand","embeddable":true,"href":"https:\/\/www.hirtenberg-apotheke.at\/katalog\/wp-json\/wp\/v2\/product_brand?post=107124"},{"taxonomy":"product_cat","embeddable":true,"href":"https:\/\/www.hirtenberg-apotheke.at\/katalog\/wp-json\/wp\/v2\/product_cat?post=107124"},{"taxonomy":"product_tag","embeddable":true,"href":"https:\/\/www.hirtenberg-apotheke.at\/katalog\/wp-json\/wp\/v2\/product_tag?post=107124"}],"curies":[{"name":"wp","href":"https:\/\/api.w.org\/{rel}","templated":true}]}}