{"id":107403,"date":"2025-12-03T10:03:18","date_gmt":"2025-12-03T09:03:18","guid":{"rendered":"https:\/\/www.hirtenberg-apotheke.at\/katalog\/produkt\/triphala-kapseln-100-stk\/"},"modified":"2025-12-03T10:03:57","modified_gmt":"2025-12-03T09:03:57","slug":"triphala-kapseln-100-stk","status":"publish","type":"product","link":"https:\/\/www.hirtenberg-apotheke.at\/katalog\/produkt\/triphala-kapseln-100-stk\/","title":{"rendered":"Triphala Kapseln 100 Stk."},"content":{"rendered":"<p>Triphala Kapseln regulieren die nat\u00fcrlichen Verdauungsvorg\u00e4nge und k\u00f6nnen bei verschiedensten Beschwerden des Magen-Darm-Traktes helfen. In ausreichender Dosierung kann dieses Produkt auch als mildes Abf\u00fchrmittel eingesetzt werden.<\/p>\n","protected":false},"excerpt":{"rendered":"<p>Triphala Kapseln regulieren die nat\u00fcrlichen Verdauungsvorg\u00e4nge und k\u00f6nnen bei verschiedensten Beschwerden des Magen-Darm-Traktes helfen. In ausreichender Dosierung kann dieses Produkt auch als mildes Abf\u00fchrmittel eingesetzt werden.<\/p>\n","protected":false},"featured_media":0,"template":"","meta":{"_acf_changed":false},"product_brand":[],"product_cat":[319],"product_tag":[],"class_list":{"0":"post-107403","1":"product","2":"type-product","3":"status-publish","5":"product_cat-t","6":"pa_packungsgroesse-100-stueck","8":"first","9":"instock","10":"shipping-taxable","11":"purchasable","12":"product-type-simple"},"acf":[],"_links":{"self":[{"href":"https:\/\/www.hirtenberg-apotheke.at\/katalog\/wp-json\/wp\/v2\/product\/107403","targetHints":{"allow":["GET"]}}],"collection":[{"href":"https:\/\/www.hirtenberg-apotheke.at\/katalog\/wp-json\/wp\/v2\/product"}],"about":[{"href":"https:\/\/www.hirtenberg-apotheke.at\/katalog\/wp-json\/wp\/v2\/types\/product"}],"wp:attachment":[{"href":"https:\/\/www.hirtenberg-apotheke.at\/katalog\/wp-json\/wp\/v2\/media?parent=107403"}],"wp:term":[{"taxonomy":"product_brand","embeddable":true,"href":"https:\/\/www.hirtenberg-apotheke.at\/katalog\/wp-json\/wp\/v2\/product_brand?post=107403"},{"taxonomy":"product_cat","embeddable":true,"href":"https:\/\/www.hirtenberg-apotheke.at\/katalog\/wp-json\/wp\/v2\/product_cat?post=107403"},{"taxonomy":"product_tag","embeddable":true,"href":"https:\/\/www.hirtenberg-apotheke.at\/katalog\/wp-json\/wp\/v2\/product_tag?post=107403"}],"curies":[{"name":"wp","href":"https:\/\/api.w.org\/{rel}","templated":true}]}}