{"id":107571,"date":"2025-12-03T10:08:37","date_gmt":"2025-12-03T09:08:37","guid":{"rendered":"https:\/\/www.hirtenberg-apotheke.at\/katalog\/produkt\/vichy-homme-structure-force-care-50-ml\/"},"modified":"2025-12-03T10:09:05","modified_gmt":"2025-12-03T09:09:05","slug":"vichy-homme-structure-force-care-50-ml","status":"publish","type":"product","link":"https:\/\/www.hirtenberg-apotheke.at\/katalog\/produkt\/vichy-homme-structure-force-care-50-ml\/","title":{"rendered":"VICHY Homme Structure Force Care 50 ml"},"content":{"rendered":"<p>Diese Anti-Aging-Pflege mit Sofort-Effekt verdichtet die Haut und sorgt f\u00fcr definiertere Konturen durch Hyaluron und Silizium. Die enthaltene Fruchts\u00e4ure vitalisiert und st\u00e4rkt die Haut.<\/p>\n","protected":false},"excerpt":{"rendered":"<p>Diese Anti-Aging-Pflege mit Sofort-Effekt verdichtet die Haut und sorgt f\u00fcr definiertere Konturen durch Hyaluron und Silizium. Die enthaltene Fruchts\u00e4ure vitalisiert und st\u00e4rkt die Haut.<\/p>\n","protected":false},"featured_media":107573,"template":"","meta":{"_acf_changed":false},"product_brand":[691],"product_cat":[300],"product_tag":[],"class_list":{"0":"post-107571","1":"product","2":"type-product","3":"status-publish","4":"has-post-thumbnail","6":"product_brand-vichy","7":"product_cat-v","8":"pa_packungsgroesse-50ml","10":"first","11":"instock","12":"shipping-taxable","13":"purchasable","14":"product-type-simple"},"acf":[],"_links":{"self":[{"href":"https:\/\/www.hirtenberg-apotheke.at\/katalog\/wp-json\/wp\/v2\/product\/107571","targetHints":{"allow":["GET"]}}],"collection":[{"href":"https:\/\/www.hirtenberg-apotheke.at\/katalog\/wp-json\/wp\/v2\/product"}],"about":[{"href":"https:\/\/www.hirtenberg-apotheke.at\/katalog\/wp-json\/wp\/v2\/types\/product"}],"wp:featuredmedia":[{"embeddable":true,"href":"https:\/\/www.hirtenberg-apotheke.at\/katalog\/wp-json\/wp\/v2\/media\/107573"}],"wp:attachment":[{"href":"https:\/\/www.hirtenberg-apotheke.at\/katalog\/wp-json\/wp\/v2\/media?parent=107571"}],"wp:term":[{"taxonomy":"product_brand","embeddable":true,"href":"https:\/\/www.hirtenberg-apotheke.at\/katalog\/wp-json\/wp\/v2\/product_brand?post=107571"},{"taxonomy":"product_cat","embeddable":true,"href":"https:\/\/www.hirtenberg-apotheke.at\/katalog\/wp-json\/wp\/v2\/product_cat?post=107571"},{"taxonomy":"product_tag","embeddable":true,"href":"https:\/\/www.hirtenberg-apotheke.at\/katalog\/wp-json\/wp\/v2\/product_tag?post=107571"}],"curies":[{"name":"wp","href":"https:\/\/api.w.org\/{rel}","templated":true}]}}