{"id":107737,"date":"2025-12-03T10:41:09","date_gmt":"2025-12-03T09:41:09","guid":{"rendered":"https:\/\/www.hirtenberg-apotheke.at\/katalog\/produkt\/life-light-vis-vitalis-100-ml\/"},"modified":"2025-12-03T10:41:25","modified_gmt":"2025-12-03T09:41:25","slug":"life-light-vis-vitalis-100-ml","status":"publish","type":"product","link":"https:\/\/www.hirtenberg-apotheke.at\/katalog\/produkt\/life-light-vis-vitalis-100-ml\/","title":{"rendered":"Life Light Vis Vitalis 100 ml"},"content":{"rendered":"<p>Life Light Vis Vitalis 70 Mineralquellenprodukt fl\u00fcssig ist ein nat\u00fcrlicher Extrakt aus fossilen und halbfossilen Einlagerungen pr\u00e4historischer Pflanzen. Die in Wasser kolloidal gel\u00f6sten Mineralstoffe wechselnder Zusammensetzung k\u00f6nnen vom K\u00f6rper leicht aufgenommen werden.<\/p>\n","protected":false},"excerpt":{"rendered":"<p>Life Light Vis Vitalis 70 Mineralquellenprodukt fl\u00fcssig ist ein nat\u00fcrlicher Extrakt aus fossilen und halbfossilen Einlagerungen pr\u00e4historischer Pflanzen. Die in Wasser kolloidal gel\u00f6sten Mineralstoffe wechselnder Zusammensetzung k\u00f6nnen vom K\u00f6rper leicht aufgenommen werden.<\/p>\n","protected":false},"featured_media":107739,"template":"","meta":{"_acf_changed":false},"product_brand":[],"product_cat":[317],"product_tag":[],"class_list":{"0":"post-107737","1":"product","2":"type-product","3":"status-publish","4":"has-post-thumbnail","6":"product_cat-l","7":"pa_packungsgroesse-100ml","9":"first","10":"instock","11":"shipping-taxable","12":"purchasable","13":"product-type-simple"},"acf":[],"_links":{"self":[{"href":"https:\/\/www.hirtenberg-apotheke.at\/katalog\/wp-json\/wp\/v2\/product\/107737","targetHints":{"allow":["GET"]}}],"collection":[{"href":"https:\/\/www.hirtenberg-apotheke.at\/katalog\/wp-json\/wp\/v2\/product"}],"about":[{"href":"https:\/\/www.hirtenberg-apotheke.at\/katalog\/wp-json\/wp\/v2\/types\/product"}],"wp:featuredmedia":[{"embeddable":true,"href":"https:\/\/www.hirtenberg-apotheke.at\/katalog\/wp-json\/wp\/v2\/media\/107739"}],"wp:attachment":[{"href":"https:\/\/www.hirtenberg-apotheke.at\/katalog\/wp-json\/wp\/v2\/media?parent=107737"}],"wp:term":[{"taxonomy":"product_brand","embeddable":true,"href":"https:\/\/www.hirtenberg-apotheke.at\/katalog\/wp-json\/wp\/v2\/product_brand?post=107737"},{"taxonomy":"product_cat","embeddable":true,"href":"https:\/\/www.hirtenberg-apotheke.at\/katalog\/wp-json\/wp\/v2\/product_cat?post=107737"},{"taxonomy":"product_tag","embeddable":true,"href":"https:\/\/www.hirtenberg-apotheke.at\/katalog\/wp-json\/wp\/v2\/product_tag?post=107737"}],"curies":[{"name":"wp","href":"https:\/\/api.w.org\/{rel}","templated":true}]}}