{"id":107778,"date":"2025-12-03T10:43:16","date_gmt":"2025-12-03T09:43:16","guid":{"rendered":"https:\/\/www.hirtenberg-apotheke.at\/katalog\/produkt\/vitam-r-veganer-brotaufstrich-kraeuter-glas-250-g\/"},"modified":"2025-12-03T10:43:24","modified_gmt":"2025-12-03T09:43:24","slug":"vitam-r-veganer-brotaufstrich-kraeuter-glas-250-g","status":"publish","type":"product","link":"https:\/\/www.hirtenberg-apotheke.at\/katalog\/produkt\/vitam-r-veganer-brotaufstrich-kraeuter-glas-250-g\/","title":{"rendered":"Vitam-R Veganer Brotaufstrich Kr\u00e4uter Glas 250 g"},"content":{"rendered":"<p>Vitam-R Veganer Brotaufstrich Kr\u00e4uter Glas 250 g ist ein herzhafter Brotaufstrich und W\u00fcrzmittel f\u00fcr Saucen, Vinaigrettes und warme Speisen<\/p>\n","protected":false},"excerpt":{"rendered":"<p>Vitam-R Veganer Brotaufstrich Kr\u00e4uter Glas 250 g ist ein herzhafter Brotaufstrich und W\u00fcrzmittel f\u00fcr Saucen, Vinaigrettes und warme Speisen<\/p>\n","protected":false},"featured_media":107780,"template":"","meta":{"_acf_changed":false},"product_brand":[],"product_cat":[300],"product_tag":[],"class_list":{"0":"post-107778","1":"product","2":"type-product","3":"status-publish","4":"has-post-thumbnail","6":"product_cat-v","7":"pa_packungsgroesse-250g","9":"first","10":"instock","11":"shipping-taxable","12":"purchasable","13":"product-type-simple"},"acf":[],"_links":{"self":[{"href":"https:\/\/www.hirtenberg-apotheke.at\/katalog\/wp-json\/wp\/v2\/product\/107778","targetHints":{"allow":["GET"]}}],"collection":[{"href":"https:\/\/www.hirtenberg-apotheke.at\/katalog\/wp-json\/wp\/v2\/product"}],"about":[{"href":"https:\/\/www.hirtenberg-apotheke.at\/katalog\/wp-json\/wp\/v2\/types\/product"}],"wp:featuredmedia":[{"embeddable":true,"href":"https:\/\/www.hirtenberg-apotheke.at\/katalog\/wp-json\/wp\/v2\/media\/107780"}],"wp:attachment":[{"href":"https:\/\/www.hirtenberg-apotheke.at\/katalog\/wp-json\/wp\/v2\/media?parent=107778"}],"wp:term":[{"taxonomy":"product_brand","embeddable":true,"href":"https:\/\/www.hirtenberg-apotheke.at\/katalog\/wp-json\/wp\/v2\/product_brand?post=107778"},{"taxonomy":"product_cat","embeddable":true,"href":"https:\/\/www.hirtenberg-apotheke.at\/katalog\/wp-json\/wp\/v2\/product_cat?post=107778"},{"taxonomy":"product_tag","embeddable":true,"href":"https:\/\/www.hirtenberg-apotheke.at\/katalog\/wp-json\/wp\/v2\/product_tag?post=107778"}],"curies":[{"name":"wp","href":"https:\/\/api.w.org\/{rel}","templated":true}]}}