{"id":107794,"date":"2025-12-03T10:44:16","date_gmt":"2025-12-03T09:44:16","guid":{"rendered":"https:\/\/www.hirtenberg-apotheke.at\/katalog\/produkt\/vitam-gemuese-hefebruehe-glas-150-g\/"},"modified":"2025-12-03T10:44:47","modified_gmt":"2025-12-03T09:44:47","slug":"vitam-gemuese-hefebruehe-glas-150-g","status":"publish","type":"product","link":"https:\/\/www.hirtenberg-apotheke.at\/katalog\/produkt\/vitam-gemuese-hefebruehe-glas-150-g\/","title":{"rendered":"Vitam Gem\u00fcse-Hefebr\u00fche Glas 150 g"},"content":{"rendered":"<p>Vitam Vitamin Gem Hefe Br\u00fche Glas wird nur mit echten Naturgew\u00fcrzen gew\u00fcrzt und auch der Salzgehalt ist erstaunlich gering. Die Trinkbr\u00fche k\u00f6nnen Sie mit guter Laune genie\u00dfen, denn sie enth\u00e4lt beste, aromatische Zutaten und ist zugleich besonders kalorienarm.<\/p>\n","protected":false},"excerpt":{"rendered":"<p>Vitam Vitamin Gem Hefe Br\u00fche Glas wird nur mit echten Naturgew\u00fcrzen gew\u00fcrzt und auch der Salzgehalt ist erstaunlich gering. Die Trinkbr\u00fche k\u00f6nnen Sie mit guter Laune genie\u00dfen, denn sie enth\u00e4lt beste, aromatische Zutaten und ist zugleich besonders kalorienarm.<\/p>\n","protected":false},"featured_media":107796,"template":"","meta":{"_acf_changed":false},"product_brand":[],"product_cat":[300],"product_tag":[],"class_list":{"0":"post-107794","1":"product","2":"type-product","3":"status-publish","4":"has-post-thumbnail","6":"product_cat-v","7":"pa_packungsgroesse-150g","9":"first","10":"instock","11":"shipping-taxable","12":"purchasable","13":"product-type-simple"},"acf":[],"_links":{"self":[{"href":"https:\/\/www.hirtenberg-apotheke.at\/katalog\/wp-json\/wp\/v2\/product\/107794","targetHints":{"allow":["GET"]}}],"collection":[{"href":"https:\/\/www.hirtenberg-apotheke.at\/katalog\/wp-json\/wp\/v2\/product"}],"about":[{"href":"https:\/\/www.hirtenberg-apotheke.at\/katalog\/wp-json\/wp\/v2\/types\/product"}],"wp:featuredmedia":[{"embeddable":true,"href":"https:\/\/www.hirtenberg-apotheke.at\/katalog\/wp-json\/wp\/v2\/media\/107796"}],"wp:attachment":[{"href":"https:\/\/www.hirtenberg-apotheke.at\/katalog\/wp-json\/wp\/v2\/media?parent=107794"}],"wp:term":[{"taxonomy":"product_brand","embeddable":true,"href":"https:\/\/www.hirtenberg-apotheke.at\/katalog\/wp-json\/wp\/v2\/product_brand?post=107794"},{"taxonomy":"product_cat","embeddable":true,"href":"https:\/\/www.hirtenberg-apotheke.at\/katalog\/wp-json\/wp\/v2\/product_cat?post=107794"},{"taxonomy":"product_tag","embeddable":true,"href":"https:\/\/www.hirtenberg-apotheke.at\/katalog\/wp-json\/wp\/v2\/product_tag?post=107794"}],"curies":[{"name":"wp","href":"https:\/\/api.w.org\/{rel}","templated":true}]}}