{"id":10857,"date":"2025-11-25T14:17:51","date_gmt":"2025-11-25T13:17:51","guid":{"rendered":"https:\/\/www.hirtenberg-apotheke.at\/katalog\/produkt\/hirudoid-forte-gel\/"},"modified":"2025-11-25T14:17:57","modified_gmt":"2025-11-25T13:17:57","slug":"hirudoid-forte-gel","status":"publish","type":"product","link":"https:\/\/www.hirtenberg-apotheke.at\/katalog\/produkt\/hirudoid-forte-gel\/","title":{"rendered":"Hirudoid\u00ae forte Gel"},"content":{"rendered":"<p>HIRUDOID\u00ae Forte Gel wirkt entz\u00fcndungs- und gerinnungshemmend und k\u00fchlend. Es verhindert die Entstehung und f\u00f6rdert die R\u00fcckbildung von oberfl\u00e4chennahen Blutgerinnseln, Bluterg\u00fcssen und Schwellungen.<\/p>\n","protected":false},"excerpt":{"rendered":"<p>HIRUDOID\u00ae Forte Gel wirkt entz\u00fcndungs- und gerinnungshemmend und k\u00fchlend. Es verhindert die Entstehung und f\u00f6rdert die R\u00fcckbildung von oberfl\u00e4chennahen Blutgerinnseln, Bluterg\u00fcssen und Schwellungen.<\/p>\n","protected":false},"featured_media":10859,"template":"","meta":{"_acf_changed":false},"product_brand":[],"product_cat":[330],"product_tag":[],"class_list":{"0":"post-10857","1":"product","2":"type-product","3":"status-publish","4":"has-post-thumbnail","6":"product_cat-h","7":"pa_packungsgroesse-40g","9":"first","10":"instock","11":"shipping-taxable","12":"purchasable","13":"product-type-simple"},"acf":[],"_links":{"self":[{"href":"https:\/\/www.hirtenberg-apotheke.at\/katalog\/wp-json\/wp\/v2\/product\/10857","targetHints":{"allow":["GET"]}}],"collection":[{"href":"https:\/\/www.hirtenberg-apotheke.at\/katalog\/wp-json\/wp\/v2\/product"}],"about":[{"href":"https:\/\/www.hirtenberg-apotheke.at\/katalog\/wp-json\/wp\/v2\/types\/product"}],"wp:featuredmedia":[{"embeddable":true,"href":"https:\/\/www.hirtenberg-apotheke.at\/katalog\/wp-json\/wp\/v2\/media\/10859"}],"wp:attachment":[{"href":"https:\/\/www.hirtenberg-apotheke.at\/katalog\/wp-json\/wp\/v2\/media?parent=10857"}],"wp:term":[{"taxonomy":"product_brand","embeddable":true,"href":"https:\/\/www.hirtenberg-apotheke.at\/katalog\/wp-json\/wp\/v2\/product_brand?post=10857"},{"taxonomy":"product_cat","embeddable":true,"href":"https:\/\/www.hirtenberg-apotheke.at\/katalog\/wp-json\/wp\/v2\/product_cat?post=10857"},{"taxonomy":"product_tag","embeddable":true,"href":"https:\/\/www.hirtenberg-apotheke.at\/katalog\/wp-json\/wp\/v2\/product_tag?post=10857"}],"curies":[{"name":"wp","href":"https:\/\/api.w.org\/{rel}","templated":true}]}}