{"id":108616,"date":"2025-12-03T11:05:54","date_gmt":"2025-12-03T10:05:54","guid":{"rendered":"https:\/\/www.hirtenberg-apotheke.at\/katalog\/produkt\/vollkraft-alsan-s-frischmargarine-250-g\/"},"modified":"2025-12-03T11:06:04","modified_gmt":"2025-12-03T10:06:04","slug":"vollkraft-alsan-s-frischmargarine-250-g","status":"publish","type":"product","link":"https:\/\/www.hirtenberg-apotheke.at\/katalog\/produkt\/vollkraft-alsan-s-frischmargarine-250-g\/","title":{"rendered":"Vollkraft Alsan-S Frischmargarine 250 g"},"content":{"rendered":"<p>Vollkraft Alsan-S Frischmargarine ist auch f\u00fcr Z\u00f6liakiekranke geeignet, keine KH, kein Eiwei\u00df, frei von Cholesterin, Milcheiweiss und Lactose. Aus ungeh\u00e4rteten Planzenfetten.<\/p>\n","protected":false},"excerpt":{"rendered":"<p>Vollkraft Alsan-S Frischmargarine ist auch f\u00fcr Z\u00f6liakiekranke geeignet, keine KH, kein Eiwei\u00df, frei von Cholesterin, Milcheiweiss und Lactose. Aus ungeh\u00e4rteten Planzenfetten.<\/p>\n","protected":false},"featured_media":0,"template":"","meta":{"_acf_changed":false},"product_brand":[860],"product_cat":[300],"product_tag":[],"class_list":{"0":"post-108616","1":"product","2":"type-product","3":"status-publish","5":"product_brand-vollkraft","6":"product_cat-v","7":"pa_packungsgroesse-250g","9":"first","10":"instock","11":"shipping-taxable","12":"purchasable","13":"product-type-simple"},"acf":[],"_links":{"self":[{"href":"https:\/\/www.hirtenberg-apotheke.at\/katalog\/wp-json\/wp\/v2\/product\/108616","targetHints":{"allow":["GET"]}}],"collection":[{"href":"https:\/\/www.hirtenberg-apotheke.at\/katalog\/wp-json\/wp\/v2\/product"}],"about":[{"href":"https:\/\/www.hirtenberg-apotheke.at\/katalog\/wp-json\/wp\/v2\/types\/product"}],"wp:attachment":[{"href":"https:\/\/www.hirtenberg-apotheke.at\/katalog\/wp-json\/wp\/v2\/media?parent=108616"}],"wp:term":[{"taxonomy":"product_brand","embeddable":true,"href":"https:\/\/www.hirtenberg-apotheke.at\/katalog\/wp-json\/wp\/v2\/product_brand?post=108616"},{"taxonomy":"product_cat","embeddable":true,"href":"https:\/\/www.hirtenberg-apotheke.at\/katalog\/wp-json\/wp\/v2\/product_cat?post=108616"},{"taxonomy":"product_tag","embeddable":true,"href":"https:\/\/www.hirtenberg-apotheke.at\/katalog\/wp-json\/wp\/v2\/product_tag?post=108616"}],"curies":[{"name":"wp","href":"https:\/\/api.w.org\/{rel}","templated":true}]}}