{"id":108669,"date":"2025-12-03T11:40:59","date_gmt":"2025-12-03T10:40:59","guid":{"rendered":"https:\/\/www.hirtenberg-apotheke.at\/katalog\/produkt\/vollkraft-galgant-tabletten-30-g\/"},"modified":"2025-12-03T11:41:22","modified_gmt":"2025-12-03T10:41:22","slug":"vollkraft-galgant-tabletten-30-g","status":"publish","type":"product","link":"https:\/\/www.hirtenberg-apotheke.at\/katalog\/produkt\/vollkraft-galgant-tabletten-30-g\/","title":{"rendered":"Vollkraft Galgant Tabletten 30 g"},"content":{"rendered":"<p>Scharfaromatischer Geschmack, kann den Pfeffer gut ersetzen und regt die Magensaftsekretion an wobei die Verdauung beg\u00fcnstigt wird. Galgant ist eine Staude, aus deren knollenartigen Wurzeln meterhohe St\u00e4ngel wachsen.Galgant ist in ganz S\u00fcdostasien ein sehr beliebtes Gew\u00fcrz und besonders f\u00fcr Thailands K\u00fcche typisch. In der Hildegard-Medizin spielt Galgant eine wichtige Rolle. lt. Hl. Hildegard v. Bingen: Galgant w\u00e4rmt und st\u00e4rkt Herz und Kreislauf, Galle und Magen.<\/p>\n","protected":false},"excerpt":{"rendered":"<p>Scharfaromatischer Geschmack, kann den Pfeffer gut ersetzen und regt die Magensaftsekretion an wobei die Verdauung beg\u00fcnstigt wird. Galgant ist eine Staude, aus deren knollenartigen Wurzeln meterhohe St\u00e4ngel wachsen.Galgant ist in ganz S\u00fcdostasien ein sehr beliebtes Gew\u00fcrz und besonders f\u00fcr Thailands K\u00fcche typisch. In der Hildegard-Medizin spielt Galgant eine wichtige Rolle. lt. Hl. Hildegard v. Bingen: [&hellip;]<\/p>\n","protected":false},"featured_media":108671,"template":"","meta":{"_acf_changed":false},"product_brand":[860],"product_cat":[300],"product_tag":[],"class_list":{"0":"post-108669","1":"product","2":"type-product","3":"status-publish","4":"has-post-thumbnail","6":"product_brand-vollkraft","7":"product_cat-v","8":"pa_packungsgroesse-30g","10":"first","11":"instock","12":"shipping-taxable","13":"purchasable","14":"product-type-simple"},"acf":[],"_links":{"self":[{"href":"https:\/\/www.hirtenberg-apotheke.at\/katalog\/wp-json\/wp\/v2\/product\/108669","targetHints":{"allow":["GET"]}}],"collection":[{"href":"https:\/\/www.hirtenberg-apotheke.at\/katalog\/wp-json\/wp\/v2\/product"}],"about":[{"href":"https:\/\/www.hirtenberg-apotheke.at\/katalog\/wp-json\/wp\/v2\/types\/product"}],"wp:featuredmedia":[{"embeddable":true,"href":"https:\/\/www.hirtenberg-apotheke.at\/katalog\/wp-json\/wp\/v2\/media\/108671"}],"wp:attachment":[{"href":"https:\/\/www.hirtenberg-apotheke.at\/katalog\/wp-json\/wp\/v2\/media?parent=108669"}],"wp:term":[{"taxonomy":"product_brand","embeddable":true,"href":"https:\/\/www.hirtenberg-apotheke.at\/katalog\/wp-json\/wp\/v2\/product_brand?post=108669"},{"taxonomy":"product_cat","embeddable":true,"href":"https:\/\/www.hirtenberg-apotheke.at\/katalog\/wp-json\/wp\/v2\/product_cat?post=108669"},{"taxonomy":"product_tag","embeddable":true,"href":"https:\/\/www.hirtenberg-apotheke.at\/katalog\/wp-json\/wp\/v2\/product_tag?post=108669"}],"curies":[{"name":"wp","href":"https:\/\/api.w.org\/{rel}","templated":true}]}}