{"id":108678,"date":"2025-12-03T11:40:59","date_gmt":"2025-12-03T10:40:59","guid":{"rendered":"https:\/\/www.hirtenberg-apotheke.at\/katalog\/produkt\/vollkraft-gruenkern-1-kg-bio\/"},"modified":"2025-12-03T11:41:27","modified_gmt":"2025-12-03T10:41:27","slug":"vollkraft-gruenkern-1-kg-bio","status":"publish","type":"product","link":"https:\/\/www.hirtenberg-apotheke.at\/katalog\/produkt\/vollkraft-gruenkern-1-kg-bio\/","title":{"rendered":"Vollkraft Gr\u00fcnkern 1 kg BIO"},"content":{"rendered":"<p>Vollkraft Gr\u00fcnkern kbA: Gr\u00fcnkern ist keine eigene Getreideart. Der in der Milchreife geerntete Dinkel, wird \u00fcber Holzfeuer getrocknet. Sehr charakteristisches w\u00fcrziges Aroma! Stellt eine wertvolle Abwechslung in der guten K\u00fcche dar.<\/p>\n","protected":false},"excerpt":{"rendered":"<p>Vollkraft Gr\u00fcnkern kbA: Gr\u00fcnkern ist keine eigene Getreideart. Der in der Milchreife geerntete Dinkel, wird \u00fcber Holzfeuer getrocknet. Sehr charakteristisches w\u00fcrziges Aroma! Stellt eine wertvolle Abwechslung in der guten K\u00fcche dar.<\/p>\n","protected":false},"featured_media":108680,"template":"","meta":{"_acf_changed":false},"product_brand":[860],"product_cat":[300],"product_tag":[],"class_list":{"0":"post-108678","1":"product","2":"type-product","3":"status-publish","4":"has-post-thumbnail","6":"product_brand-vollkraft","7":"product_cat-v","8":"pa_packungsgroesse-1kg","10":"first","11":"instock","12":"shipping-taxable","13":"purchasable","14":"product-type-simple"},"acf":[],"_links":{"self":[{"href":"https:\/\/www.hirtenberg-apotheke.at\/katalog\/wp-json\/wp\/v2\/product\/108678","targetHints":{"allow":["GET"]}}],"collection":[{"href":"https:\/\/www.hirtenberg-apotheke.at\/katalog\/wp-json\/wp\/v2\/product"}],"about":[{"href":"https:\/\/www.hirtenberg-apotheke.at\/katalog\/wp-json\/wp\/v2\/types\/product"}],"wp:featuredmedia":[{"embeddable":true,"href":"https:\/\/www.hirtenberg-apotheke.at\/katalog\/wp-json\/wp\/v2\/media\/108680"}],"wp:attachment":[{"href":"https:\/\/www.hirtenberg-apotheke.at\/katalog\/wp-json\/wp\/v2\/media?parent=108678"}],"wp:term":[{"taxonomy":"product_brand","embeddable":true,"href":"https:\/\/www.hirtenberg-apotheke.at\/katalog\/wp-json\/wp\/v2\/product_brand?post=108678"},{"taxonomy":"product_cat","embeddable":true,"href":"https:\/\/www.hirtenberg-apotheke.at\/katalog\/wp-json\/wp\/v2\/product_cat?post=108678"},{"taxonomy":"product_tag","embeddable":true,"href":"https:\/\/www.hirtenberg-apotheke.at\/katalog\/wp-json\/wp\/v2\/product_tag?post=108678"}],"curies":[{"name":"wp","href":"https:\/\/api.w.org\/{rel}","templated":true}]}}