{"id":108705,"date":"2025-12-03T11:42:13","date_gmt":"2025-12-03T10:42:13","guid":{"rendered":"https:\/\/www.hirtenberg-apotheke.at\/katalog\/produkt\/vollkraft-sojagranulat-fein-200-g\/"},"modified":"2025-12-03T11:42:20","modified_gmt":"2025-12-03T10:42:20","slug":"vollkraft-sojagranulat-fein-200-g","status":"publish","type":"product","link":"https:\/\/www.hirtenberg-apotheke.at\/katalog\/produkt\/vollkraft-sojagranulat-fein-200-g\/","title":{"rendered":"Vollkraft Sojagranulat fein 200 g"},"content":{"rendered":"<p>Vollkraft Sojagranulat fein: Mit dem Sojagranulat, aus \u00f6sterreichischem Soja gelingen ihnen viele rustikale und deftige Gerichte. Sehr reich an pflanzlichem Eiwei\u00df und praktisch cholesterinfrei. Bewusste Ern\u00e4hrung zum schlemmen und genie\u00dfen.<\/p>\n","protected":false},"excerpt":{"rendered":"<p>Vollkraft Sojagranulat fein: Mit dem Sojagranulat, aus \u00f6sterreichischem Soja gelingen ihnen viele rustikale und deftige Gerichte. Sehr reich an pflanzlichem Eiwei\u00df und praktisch cholesterinfrei. Bewusste Ern\u00e4hrung zum schlemmen und genie\u00dfen.<\/p>\n","protected":false},"featured_media":108707,"template":"","meta":{"_acf_changed":false},"product_brand":[860],"product_cat":[300],"product_tag":[],"class_list":{"0":"post-108705","1":"product","2":"type-product","3":"status-publish","4":"has-post-thumbnail","6":"product_brand-vollkraft","7":"product_cat-v","8":"pa_packungsgroesse-200g","10":"first","11":"instock","12":"shipping-taxable","13":"purchasable","14":"product-type-simple"},"acf":[],"_links":{"self":[{"href":"https:\/\/www.hirtenberg-apotheke.at\/katalog\/wp-json\/wp\/v2\/product\/108705","targetHints":{"allow":["GET"]}}],"collection":[{"href":"https:\/\/www.hirtenberg-apotheke.at\/katalog\/wp-json\/wp\/v2\/product"}],"about":[{"href":"https:\/\/www.hirtenberg-apotheke.at\/katalog\/wp-json\/wp\/v2\/types\/product"}],"wp:featuredmedia":[{"embeddable":true,"href":"https:\/\/www.hirtenberg-apotheke.at\/katalog\/wp-json\/wp\/v2\/media\/108707"}],"wp:attachment":[{"href":"https:\/\/www.hirtenberg-apotheke.at\/katalog\/wp-json\/wp\/v2\/media?parent=108705"}],"wp:term":[{"taxonomy":"product_brand","embeddable":true,"href":"https:\/\/www.hirtenberg-apotheke.at\/katalog\/wp-json\/wp\/v2\/product_brand?post=108705"},{"taxonomy":"product_cat","embeddable":true,"href":"https:\/\/www.hirtenberg-apotheke.at\/katalog\/wp-json\/wp\/v2\/product_cat?post=108705"},{"taxonomy":"product_tag","embeddable":true,"href":"https:\/\/www.hirtenberg-apotheke.at\/katalog\/wp-json\/wp\/v2\/product_tag?post=108705"}],"curies":[{"name":"wp","href":"https:\/\/api.w.org\/{rel}","templated":true}]}}