{"id":108722,"date":"2025-12-03T11:42:42","date_gmt":"2025-12-03T10:42:42","guid":{"rendered":"https:\/\/www.hirtenberg-apotheke.at\/katalog\/produkt\/life-light-weber-karde-kraeuteressenz-destillat-50-ml\/"},"modified":"2025-12-03T11:43:03","modified_gmt":"2025-12-03T10:43:03","slug":"life-light-weber-karde-kraeuteressenz-destillat-50-ml","status":"publish","type":"product","link":"https:\/\/www.hirtenberg-apotheke.at\/katalog\/produkt\/life-light-weber-karde-kraeuteressenz-destillat-50-ml\/","title":{"rendered":"Life Light Weber-Karde Kr\u00e4uteressenz Destillat 50 ml"},"content":{"rendered":"<p>Life Light Weber-Karde Kr\u00e4uterdestilat ist ein hochwertiges Kr\u00e4uterdestillat aus wild gewachsenen Wurzeln der Weber-Karde, welche sich durch die besondere Qualit\u00e4t der Wild-Pflanzen und der h\u00e4ndischen Verarbeitung auszeichnet. Die wertvollen Pflanzenstoffe der Weber-Karde entfalten eine besondere synergistische Wirkung auf k\u00f6rperlicher, geistiger und seelischer Ebene.<\/p>\n","protected":false},"excerpt":{"rendered":"<p>Life Light Weber-Karde Kr\u00e4uterdestilat ist ein hochwertiges Kr\u00e4uterdestillat aus wild gewachsenen Wurzeln der Weber-Karde, welche sich durch die besondere Qualit\u00e4t der Wild-Pflanzen und der h\u00e4ndischen Verarbeitung auszeichnet. Die wertvollen Pflanzenstoffe der Weber-Karde entfalten eine besondere synergistische Wirkung auf k\u00f6rperlicher, geistiger und seelischer Ebene.<\/p>\n","protected":false},"featured_media":108724,"template":"","meta":{"_acf_changed":false},"product_brand":[],"product_cat":[317],"product_tag":[],"class_list":{"0":"post-108722","1":"product","2":"type-product","3":"status-publish","4":"has-post-thumbnail","6":"product_cat-l","7":"pa_packungsgroesse-50ml","9":"first","10":"instock","11":"shipping-taxable","12":"purchasable","13":"product-type-simple"},"acf":[],"_links":{"self":[{"href":"https:\/\/www.hirtenberg-apotheke.at\/katalog\/wp-json\/wp\/v2\/product\/108722","targetHints":{"allow":["GET"]}}],"collection":[{"href":"https:\/\/www.hirtenberg-apotheke.at\/katalog\/wp-json\/wp\/v2\/product"}],"about":[{"href":"https:\/\/www.hirtenberg-apotheke.at\/katalog\/wp-json\/wp\/v2\/types\/product"}],"wp:featuredmedia":[{"embeddable":true,"href":"https:\/\/www.hirtenberg-apotheke.at\/katalog\/wp-json\/wp\/v2\/media\/108724"}],"wp:attachment":[{"href":"https:\/\/www.hirtenberg-apotheke.at\/katalog\/wp-json\/wp\/v2\/media?parent=108722"}],"wp:term":[{"taxonomy":"product_brand","embeddable":true,"href":"https:\/\/www.hirtenberg-apotheke.at\/katalog\/wp-json\/wp\/v2\/product_brand?post=108722"},{"taxonomy":"product_cat","embeddable":true,"href":"https:\/\/www.hirtenberg-apotheke.at\/katalog\/wp-json\/wp\/v2\/product_cat?post=108722"},{"taxonomy":"product_tag","embeddable":true,"href":"https:\/\/www.hirtenberg-apotheke.at\/katalog\/wp-json\/wp\/v2\/product_tag?post=108722"}],"curies":[{"name":"wp","href":"https:\/\/api.w.org\/{rel}","templated":true}]}}