{"id":108735,"date":"2025-12-03T11:43:18","date_gmt":"2025-12-03T10:43:18","guid":{"rendered":"https:\/\/www.hirtenberg-apotheke.at\/katalog\/produkt\/gall-pharma-weihrauch-kapseln-h15-350mg-750-stk\/"},"modified":"2025-12-03T11:43:33","modified_gmt":"2025-12-03T10:43:33","slug":"gall-pharma-weihrauch-kapseln-h15-350mg-750-stk","status":"publish","type":"product","link":"https:\/\/www.hirtenberg-apotheke.at\/katalog\/produkt\/gall-pharma-weihrauch-kapseln-h15-350mg-750-stk\/","title":{"rendered":"Gall Pharma Weihrauch Kapseln H15 350mg 750 Stk."},"content":{"rendered":"<p>Weihrauchkapseln H 15 350mg enthalten Boswellia serrata-Trockenextrakt, aus dem indischer Weihrauch hergerstellt wird. Dieser wird als Salbe bei Entz\u00fcndungen, Knochenbr\u00fcchen, Schwellungen und Geschw\u00fcren aufgetragen. Innerlich wird er bei chronischen Darmerkrankungen, H\u00e4morrhoiden und Entz\u00fcndungen (Rheuma) eingesetzt.<\/p>\n","protected":false},"excerpt":{"rendered":"<p>Weihrauchkapseln H 15 350mg enthalten Boswellia serrata-Trockenextrakt, aus dem indischer Weihrauch hergerstellt wird. Dieser wird als Salbe bei Entz\u00fcndungen, Knochenbr\u00fcchen, Schwellungen und Geschw\u00fcren aufgetragen. Innerlich wird er bei chronischen Darmerkrankungen, H\u00e4morrhoiden und Entz\u00fcndungen (Rheuma) eingesetzt.<\/p>\n","protected":false},"featured_media":108737,"template":"","meta":{"_acf_changed":false},"product_brand":[316],"product_cat":[328],"product_tag":[],"class_list":{"0":"post-108735","1":"product","2":"type-product","3":"status-publish","4":"has-post-thumbnail","6":"product_brand-gall-pharma","7":"product_cat-g","8":"pa_packungsgroesse-750-stueck","10":"first","11":"instock","12":"shipping-taxable","13":"purchasable","14":"product-type-simple"},"acf":[],"_links":{"self":[{"href":"https:\/\/www.hirtenberg-apotheke.at\/katalog\/wp-json\/wp\/v2\/product\/108735","targetHints":{"allow":["GET"]}}],"collection":[{"href":"https:\/\/www.hirtenberg-apotheke.at\/katalog\/wp-json\/wp\/v2\/product"}],"about":[{"href":"https:\/\/www.hirtenberg-apotheke.at\/katalog\/wp-json\/wp\/v2\/types\/product"}],"wp:featuredmedia":[{"embeddable":true,"href":"https:\/\/www.hirtenberg-apotheke.at\/katalog\/wp-json\/wp\/v2\/media\/108737"}],"wp:attachment":[{"href":"https:\/\/www.hirtenberg-apotheke.at\/katalog\/wp-json\/wp\/v2\/media?parent=108735"}],"wp:term":[{"taxonomy":"product_brand","embeddable":true,"href":"https:\/\/www.hirtenberg-apotheke.at\/katalog\/wp-json\/wp\/v2\/product_brand?post=108735"},{"taxonomy":"product_cat","embeddable":true,"href":"https:\/\/www.hirtenberg-apotheke.at\/katalog\/wp-json\/wp\/v2\/product_cat?post=108735"},{"taxonomy":"product_tag","embeddable":true,"href":"https:\/\/www.hirtenberg-apotheke.at\/katalog\/wp-json\/wp\/v2\/product_tag?post=108735"}],"curies":[{"name":"wp","href":"https:\/\/api.w.org\/{rel}","templated":true}]}}