{"id":108757,"date":"2025-12-03T11:44:20","date_gmt":"2025-12-03T10:44:20","guid":{"rendered":"https:\/\/www.hirtenberg-apotheke.at\/katalog\/produkt\/gall-pharma-weisskohl-250-mg-kapseln\/"},"modified":"2025-12-03T11:44:24","modified_gmt":"2025-12-03T10:44:24","slug":"gall-pharma-weisskohl-250-mg-kapseln","status":"publish","type":"product","link":"https:\/\/www.hirtenberg-apotheke.at\/katalog\/produkt\/gall-pharma-weisskohl-250-mg-kapseln\/","title":{"rendered":"Gall Pharma Wei\u00dfkohl 250 mg Kapseln"},"content":{"rendered":"<p>Gall Pharma Wei\u00dfkohl 250 mg Kapseln 90 Stk. beinhalten 250 mg Wei\u00dfkohlpulver in einer Hartgelatinekapsel und k\u00f6nnen durch ihren hohen Vitamin-, Mineralstoff- und Ballaststoffgehalt und dabei geringen Kaloriengehalt einen Beitrag zur gesunden Ern\u00e4hrung leisten. Zudem st\u00e4rkt Wei\u00dfkohl das Immunsystem und kann durch vermehrte Magenschleimbildung und Anhebung des pH-Wertes die Entstehung von Magengeschw\u00fcren hemmen<\/p>\n","protected":false},"excerpt":{"rendered":"<p>Gall Pharma Wei\u00dfkohl 250 mg Kapseln 90 Stk. beinhalten 250 mg Wei\u00dfkohlpulver in einer Hartgelatinekapsel und k\u00f6nnen durch ihren hohen Vitamin-, Mineralstoff- und Ballaststoffgehalt und dabei geringen Kaloriengehalt einen Beitrag zur gesunden Ern\u00e4hrung leisten. Zudem st\u00e4rkt Wei\u00dfkohl das Immunsystem und kann durch vermehrte Magenschleimbildung und Anhebung des pH-Wertes die Entstehung von Magengeschw\u00fcren hemmen<\/p>\n","protected":false},"featured_media":108759,"template":"","meta":{"_acf_changed":false},"product_brand":[316],"product_cat":[328],"product_tag":[],"class_list":{"0":"post-108757","1":"product","2":"type-product","3":"status-publish","4":"has-post-thumbnail","6":"product_brand-gall-pharma","7":"product_cat-g","8":"pa_packungsgroesse-90-stueck","10":"first","11":"instock","12":"shipping-taxable","13":"purchasable","14":"product-type-simple"},"acf":[],"_links":{"self":[{"href":"https:\/\/www.hirtenberg-apotheke.at\/katalog\/wp-json\/wp\/v2\/product\/108757","targetHints":{"allow":["GET"]}}],"collection":[{"href":"https:\/\/www.hirtenberg-apotheke.at\/katalog\/wp-json\/wp\/v2\/product"}],"about":[{"href":"https:\/\/www.hirtenberg-apotheke.at\/katalog\/wp-json\/wp\/v2\/types\/product"}],"wp:featuredmedia":[{"embeddable":true,"href":"https:\/\/www.hirtenberg-apotheke.at\/katalog\/wp-json\/wp\/v2\/media\/108759"}],"wp:attachment":[{"href":"https:\/\/www.hirtenberg-apotheke.at\/katalog\/wp-json\/wp\/v2\/media?parent=108757"}],"wp:term":[{"taxonomy":"product_brand","embeddable":true,"href":"https:\/\/www.hirtenberg-apotheke.at\/katalog\/wp-json\/wp\/v2\/product_brand?post=108757"},{"taxonomy":"product_cat","embeddable":true,"href":"https:\/\/www.hirtenberg-apotheke.at\/katalog\/wp-json\/wp\/v2\/product_cat?post=108757"},{"taxonomy":"product_tag","embeddable":true,"href":"https:\/\/www.hirtenberg-apotheke.at\/katalog\/wp-json\/wp\/v2\/product_tag?post=108757"}],"curies":[{"name":"wp","href":"https:\/\/api.w.org\/{rel}","templated":true}]}}