{"id":108785,"date":"2025-12-03T11:44:59","date_gmt":"2025-12-03T10:44:59","guid":{"rendered":"https:\/\/www.hirtenberg-apotheke.at\/katalog\/produkt\/weleda-granatapfel-straffendes-gesichtsoel-30-ml\/"},"modified":"2025-12-03T11:45:03","modified_gmt":"2025-12-03T10:45:03","slug":"weleda-granatapfel-straffendes-gesichtsoel-30-ml","status":"publish","type":"product","link":"https:\/\/www.hirtenberg-apotheke.at\/katalog\/produkt\/weleda-granatapfel-straffendes-gesichtsoel-30-ml\/","title":{"rendered":"Weleda Granatapfel Straffendes Gesichts\u00f6l 30 ml"},"content":{"rendered":"<p>Die leichte, schnell einziehende Formel mit acht wertvollen Bio-Pflanzen\u00f6len wie etwa Granatapfelsamen-, Aprikosenkern-,  Avocado- und Argan\u00f6l schenkt der Haut ein strahlendes Aussehen, pflegt intensiv und verleiht der Haut mehr Elastizit\u00e4t.<\/p>\n","protected":false},"excerpt":{"rendered":"<p>Die leichte, schnell einziehende Formel mit acht wertvollen Bio-Pflanzen\u00f6len wie etwa Granatapfelsamen-, Aprikosenkern-, Avocado- und Argan\u00f6l schenkt der Haut ein strahlendes Aussehen, pflegt intensiv und verleiht der Haut mehr Elastizit\u00e4t.<\/p>\n","protected":false},"featured_media":108787,"template":"","meta":{"_acf_changed":false},"product_brand":[554],"product_cat":[368],"product_tag":[],"class_list":{"0":"post-108785","1":"product","2":"type-product","3":"status-publish","4":"has-post-thumbnail","6":"product_brand-weleda","7":"product_cat-w","8":"pa_packungsgroesse-30ml","10":"first","11":"instock","12":"shipping-taxable","13":"purchasable","14":"product-type-simple"},"acf":[],"_links":{"self":[{"href":"https:\/\/www.hirtenberg-apotheke.at\/katalog\/wp-json\/wp\/v2\/product\/108785","targetHints":{"allow":["GET"]}}],"collection":[{"href":"https:\/\/www.hirtenberg-apotheke.at\/katalog\/wp-json\/wp\/v2\/product"}],"about":[{"href":"https:\/\/www.hirtenberg-apotheke.at\/katalog\/wp-json\/wp\/v2\/types\/product"}],"wp:featuredmedia":[{"embeddable":true,"href":"https:\/\/www.hirtenberg-apotheke.at\/katalog\/wp-json\/wp\/v2\/media\/108787"}],"wp:attachment":[{"href":"https:\/\/www.hirtenberg-apotheke.at\/katalog\/wp-json\/wp\/v2\/media?parent=108785"}],"wp:term":[{"taxonomy":"product_brand","embeddable":true,"href":"https:\/\/www.hirtenberg-apotheke.at\/katalog\/wp-json\/wp\/v2\/product_brand?post=108785"},{"taxonomy":"product_cat","embeddable":true,"href":"https:\/\/www.hirtenberg-apotheke.at\/katalog\/wp-json\/wp\/v2\/product_cat?post=108785"},{"taxonomy":"product_tag","embeddable":true,"href":"https:\/\/www.hirtenberg-apotheke.at\/katalog\/wp-json\/wp\/v2\/product_tag?post=108785"}],"curies":[{"name":"wp","href":"https:\/\/api.w.org\/{rel}","templated":true}]}}