{"id":108888,"date":"2025-12-03T11:48:41","date_gmt":"2025-12-03T10:48:41","guid":{"rendered":"https:\/\/www.hirtenberg-apotheke.at\/katalog\/produkt\/woerishofener-darm-kapseln-42-stk\/"},"modified":"2025-12-03T11:48:50","modified_gmt":"2025-12-03T10:48:50","slug":"woerishofener-darm-kapseln-42-stk","status":"publish","type":"product","link":"https:\/\/www.hirtenberg-apotheke.at\/katalog\/produkt\/woerishofener-darm-kapseln-42-stk\/","title":{"rendered":"W\u00f6rishofener Darm Kapseln 42 Stk."},"content":{"rendered":"<p>W\u00f6rishofener Darm Kapseln sind ein pflanzliches stimulierendes Abf\u00fchrmittel. Die Kapseln dienen zur kurzfristigen Anwendung bei Verstopfung.<\/p>\n","protected":false},"excerpt":{"rendered":"<p>W\u00f6rishofener Darm Kapseln sind ein pflanzliches stimulierendes Abf\u00fchrmittel. Die Kapseln dienen zur kurzfristigen Anwendung bei Verstopfung.<\/p>\n","protected":false},"featured_media":108890,"template":"","meta":{"_acf_changed":false},"product_brand":[],"product_cat":[368],"product_tag":[],"class_list":{"0":"post-108888","1":"product","2":"type-product","3":"status-publish","4":"has-post-thumbnail","6":"product_cat-w","7":"pa_packungsgroesse-42-stueck","9":"first","10":"instock","11":"shipping-taxable","12":"purchasable","13":"product-type-simple"},"acf":[],"_links":{"self":[{"href":"https:\/\/www.hirtenberg-apotheke.at\/katalog\/wp-json\/wp\/v2\/product\/108888","targetHints":{"allow":["GET"]}}],"collection":[{"href":"https:\/\/www.hirtenberg-apotheke.at\/katalog\/wp-json\/wp\/v2\/product"}],"about":[{"href":"https:\/\/www.hirtenberg-apotheke.at\/katalog\/wp-json\/wp\/v2\/types\/product"}],"wp:featuredmedia":[{"embeddable":true,"href":"https:\/\/www.hirtenberg-apotheke.at\/katalog\/wp-json\/wp\/v2\/media\/108890"}],"wp:attachment":[{"href":"https:\/\/www.hirtenberg-apotheke.at\/katalog\/wp-json\/wp\/v2\/media?parent=108888"}],"wp:term":[{"taxonomy":"product_brand","embeddable":true,"href":"https:\/\/www.hirtenberg-apotheke.at\/katalog\/wp-json\/wp\/v2\/product_brand?post=108888"},{"taxonomy":"product_cat","embeddable":true,"href":"https:\/\/www.hirtenberg-apotheke.at\/katalog\/wp-json\/wp\/v2\/product_cat?post=108888"},{"taxonomy":"product_tag","embeddable":true,"href":"https:\/\/www.hirtenberg-apotheke.at\/katalog\/wp-json\/wp\/v2\/product_tag?post=108888"}],"curies":[{"name":"wp","href":"https:\/\/api.w.org\/{rel}","templated":true}]}}