{"id":108968,"date":"2025-12-03T11:50:45","date_gmt":"2025-12-03T10:50:45","guid":{"rendered":"https:\/\/www.hirtenberg-apotheke.at\/katalog\/produkt\/life-light-alpensegen-yamswurzel-kraeuteressenz-50-ml\/"},"modified":"2025-12-03T11:50:53","modified_gmt":"2025-12-03T10:50:53","slug":"life-light-alpensegen-yamswurzel-kraeuteressenz-50-ml","status":"publish","type":"product","link":"https:\/\/www.hirtenberg-apotheke.at\/katalog\/produkt\/life-light-alpensegen-yamswurzel-kraeuteressenz-50-ml\/","title":{"rendered":"Life Light Alpensegen Yamswurzel Kr\u00e4uteressenz 50 ml"},"content":{"rendered":"<p>Die Life Light Mangan Spirulina Tabletten werden aus gr\u00fcnen, jodfreien S\u00fc\u00dfwasser-Mikroalgen (Spirulina platensis) mit organisch gebundenem Chlorophyll und nat\u00fcrlich vorkommendem Mangan f\u00fcr eine normale Bindegewebsbildung, einen normalen Energiestoffwechsel und zur Erhaltung stabiler Knochen hergestellt. Die Pr\u00e4parate sind frei von k\u00fcnstlichen Farb- und Konservierungsstoffen, werden ohne Gentechnik hergestellt und sind auch f\u00fcr Vegetarier und Veganer geeignet. Nahrungserg\u00e4nzungsmittel dienen nicht als Ersatz f\u00fcr eine abwechslungsreiche und ausgewogene Ern\u00e4hrung. Sie sind f\u00fcr Kinder unerreichbar aufzubewahren und die empfohlene Tagesdosis darf nicht \u00fcberschritten werden.<\/p>\n","protected":false},"excerpt":{"rendered":"<p>Die Life Light Mangan Spirulina Tabletten werden aus gr\u00fcnen, jodfreien S\u00fc\u00dfwasser-Mikroalgen (Spirulina platensis) mit organisch gebundenem Chlorophyll und nat\u00fcrlich vorkommendem Mangan f\u00fcr eine normale Bindegewebsbildung, einen normalen Energiestoffwechsel und zur Erhaltung stabiler Knochen hergestellt. Die Pr\u00e4parate sind frei von k\u00fcnstlichen Farb- und Konservierungsstoffen, werden ohne Gentechnik hergestellt und sind auch f\u00fcr Vegetarier und Veganer geeignet. [&hellip;]<\/p>\n","protected":false},"featured_media":108970,"template":"","meta":{"_acf_changed":false},"product_brand":[],"product_cat":[317],"product_tag":[],"class_list":{"0":"post-108968","1":"product","2":"type-product","3":"status-publish","4":"has-post-thumbnail","6":"product_cat-l","7":"pa_packungsgroesse-50ml","9":"first","10":"instock","11":"shipping-taxable","12":"purchasable","13":"product-type-simple"},"acf":[],"_links":{"self":[{"href":"https:\/\/www.hirtenberg-apotheke.at\/katalog\/wp-json\/wp\/v2\/product\/108968","targetHints":{"allow":["GET"]}}],"collection":[{"href":"https:\/\/www.hirtenberg-apotheke.at\/katalog\/wp-json\/wp\/v2\/product"}],"about":[{"href":"https:\/\/www.hirtenberg-apotheke.at\/katalog\/wp-json\/wp\/v2\/types\/product"}],"wp:featuredmedia":[{"embeddable":true,"href":"https:\/\/www.hirtenberg-apotheke.at\/katalog\/wp-json\/wp\/v2\/media\/108970"}],"wp:attachment":[{"href":"https:\/\/www.hirtenberg-apotheke.at\/katalog\/wp-json\/wp\/v2\/media?parent=108968"}],"wp:term":[{"taxonomy":"product_brand","embeddable":true,"href":"https:\/\/www.hirtenberg-apotheke.at\/katalog\/wp-json\/wp\/v2\/product_brand?post=108968"},{"taxonomy":"product_cat","embeddable":true,"href":"https:\/\/www.hirtenberg-apotheke.at\/katalog\/wp-json\/wp\/v2\/product_cat?post=108968"},{"taxonomy":"product_tag","embeddable":true,"href":"https:\/\/www.hirtenberg-apotheke.at\/katalog\/wp-json\/wp\/v2\/product_tag?post=108968"}],"curies":[{"name":"wp","href":"https:\/\/api.w.org\/{rel}","templated":true}]}}