{"id":108976,"date":"2025-12-03T11:50:53","date_gmt":"2025-12-03T10:50:53","guid":{"rendered":"https:\/\/www.hirtenberg-apotheke.at\/katalog\/produkt\/floramed-yamswurzel-moenchspfeffer-60-kapseln\/"},"modified":"2025-12-03T11:51:05","modified_gmt":"2025-12-03T10:51:05","slug":"floramed-yamswurzel-moenchspfeffer-60-kapseln","status":"publish","type":"product","link":"https:\/\/www.hirtenberg-apotheke.at\/katalog\/produkt\/floramed-yamswurzel-moenchspfeffer-60-kapseln\/","title":{"rendered":"Floramed Yamswurzel &#038; M\u00f6nchspfeffer, 60 Kapseln"},"content":{"rendered":"<p>Floramed Yamswurzel &#038; M\u00f6nchspfeffer Kapseln ist ein Nahrungserg\u00e4nzungsmittel mit Panthotens\u00e4ure, Vitamin B12 und Vitamin B6. Vitamin B6 reguliert die Hormont\u00e4tigkeit. Pantothens\u00e4ure tr\u00e4gt zu einer normalen Synthese und zu einem normalen Stoffwechsel von Steroidhormonen, Vitamin D und einigen Neurotransmittern bei. Vitamin B12 tr\u00e4gt zu einem normalen Homocystein-Stoffwechsel bei. Laktose- und Glutenfrei.  F\u00fcr Vegetarier und Veganer geeignet.<\/p>\n","protected":false},"excerpt":{"rendered":"<p>Floramed Yamswurzel &#038; M\u00f6nchspfeffer Kapseln ist ein Nahrungserg\u00e4nzungsmittel mit Panthotens\u00e4ure, Vitamin B12 und Vitamin B6. Vitamin B6 reguliert die Hormont\u00e4tigkeit. Pantothens\u00e4ure tr\u00e4gt zu einer normalen Synthese und zu einem normalen Stoffwechsel von Steroidhormonen, Vitamin D und einigen Neurotransmittern bei. Vitamin B12 tr\u00e4gt zu einem normalen Homocystein-Stoffwechsel bei. Laktose- und Glutenfrei. F\u00fcr Vegetarier und Veganer geeignet.<\/p>\n","protected":false},"featured_media":0,"template":"","meta":{"_acf_changed":false},"product_brand":[],"product_cat":[322],"product_tag":[],"class_list":{"0":"post-108976","1":"product","2":"type-product","3":"status-publish","5":"product_cat-f","6":"pa_packungsgroesse-60-stueck","8":"first","9":"instock","10":"shipping-taxable","11":"purchasable","12":"product-type-simple"},"acf":[],"_links":{"self":[{"href":"https:\/\/www.hirtenberg-apotheke.at\/katalog\/wp-json\/wp\/v2\/product\/108976","targetHints":{"allow":["GET"]}}],"collection":[{"href":"https:\/\/www.hirtenberg-apotheke.at\/katalog\/wp-json\/wp\/v2\/product"}],"about":[{"href":"https:\/\/www.hirtenberg-apotheke.at\/katalog\/wp-json\/wp\/v2\/types\/product"}],"wp:attachment":[{"href":"https:\/\/www.hirtenberg-apotheke.at\/katalog\/wp-json\/wp\/v2\/media?parent=108976"}],"wp:term":[{"taxonomy":"product_brand","embeddable":true,"href":"https:\/\/www.hirtenberg-apotheke.at\/katalog\/wp-json\/wp\/v2\/product_brand?post=108976"},{"taxonomy":"product_cat","embeddable":true,"href":"https:\/\/www.hirtenberg-apotheke.at\/katalog\/wp-json\/wp\/v2\/product_cat?post=108976"},{"taxonomy":"product_tag","embeddable":true,"href":"https:\/\/www.hirtenberg-apotheke.at\/katalog\/wp-json\/wp\/v2\/product_tag?post=108976"}],"curies":[{"name":"wp","href":"https:\/\/api.w.org\/{rel}","templated":true}]}}