{"id":108981,"date":"2025-12-03T11:51:04","date_gmt":"2025-12-03T10:51:04","guid":{"rendered":"https:\/\/www.hirtenberg-apotheke.at\/katalog\/produkt\/yogi-tee-abend\/"},"modified":"2025-12-03T11:51:12","modified_gmt":"2025-12-03T10:51:12","slug":"yogi-tee-abend","status":"publish","type":"product","link":"https:\/\/www.hirtenberg-apotheke.at\/katalog\/produkt\/yogi-tee-abend\/","title":{"rendered":"Yogi Tee Abend"},"content":{"rendered":"<p>Yogi Tee Abend ist eine ayurvedische Kr\u00e4uterteemischung mit Rooibos und Kamille, welche den Geist sanft in die Arme schlie\u00dfen und ihn f\u00fcr die Nacht betten. S\u00fc\u00dfe Schokoladen- und Vanilled\u00fcfte singen ein Schlaflied und warme Gew\u00fcrze wie Nelken, Ingwer oder schwarzer Pfeffer h\u00fcllen ihn ein.<\/p>\n","protected":false},"excerpt":{"rendered":"<p>Yogi Tee Abend ist eine ayurvedische Kr\u00e4uterteemischung mit Rooibos und Kamille, welche den Geist sanft in die Arme schlie\u00dfen und ihn f\u00fcr die Nacht betten. S\u00fc\u00dfe Schokoladen- und Vanilled\u00fcfte singen ein Schlaflied und warme Gew\u00fcrze wie Nelken, Ingwer oder schwarzer Pfeffer h\u00fcllen ihn ein.<\/p>\n","protected":false},"featured_media":108983,"template":"","meta":{"_acf_changed":false},"product_brand":[1494],"product_cat":[615],"product_tag":[],"class_list":{"0":"post-108981","1":"product","2":"type-product","3":"status-publish","4":"has-post-thumbnail","6":"product_brand-yogi-tee","7":"product_cat-y","8":"pa_packungsgroesse-482","10":"first","11":"instock","12":"shipping-taxable","13":"purchasable","14":"product-type-simple"},"acf":[],"_links":{"self":[{"href":"https:\/\/www.hirtenberg-apotheke.at\/katalog\/wp-json\/wp\/v2\/product\/108981","targetHints":{"allow":["GET"]}}],"collection":[{"href":"https:\/\/www.hirtenberg-apotheke.at\/katalog\/wp-json\/wp\/v2\/product"}],"about":[{"href":"https:\/\/www.hirtenberg-apotheke.at\/katalog\/wp-json\/wp\/v2\/types\/product"}],"wp:featuredmedia":[{"embeddable":true,"href":"https:\/\/www.hirtenberg-apotheke.at\/katalog\/wp-json\/wp\/v2\/media\/108983"}],"wp:attachment":[{"href":"https:\/\/www.hirtenberg-apotheke.at\/katalog\/wp-json\/wp\/v2\/media?parent=108981"}],"wp:term":[{"taxonomy":"product_brand","embeddable":true,"href":"https:\/\/www.hirtenberg-apotheke.at\/katalog\/wp-json\/wp\/v2\/product_brand?post=108981"},{"taxonomy":"product_cat","embeddable":true,"href":"https:\/\/www.hirtenberg-apotheke.at\/katalog\/wp-json\/wp\/v2\/product_cat?post=108981"},{"taxonomy":"product_tag","embeddable":true,"href":"https:\/\/www.hirtenberg-apotheke.at\/katalog\/wp-json\/wp\/v2\/product_tag?post=108981"}],"curies":[{"name":"wp","href":"https:\/\/api.w.org\/{rel}","templated":true}]}}