{"id":109026,"date":"2025-12-03T11:52:38","date_gmt":"2025-12-03T10:52:38","guid":{"rendered":"https:\/\/www.hirtenberg-apotheke.at\/katalog\/produkt\/yogi-tee-frauen-power-beutel\/"},"modified":"2025-12-03T11:52:42","modified_gmt":"2025-12-03T10:52:42","slug":"yogi-tee-frauen-power-beutel","status":"publish","type":"product","link":"https:\/\/www.hirtenberg-apotheke.at\/katalog\/produkt\/yogi-tee-frauen-power-beutel\/","title":{"rendered":"Yogi Tee Frauen Power Beutel"},"content":{"rendered":"<p>Yogi Tee Frauen Power Beutel ist beschwingt durch fruchtigen Hibiskus, Himbeerbl\u00e4tter und Angelikawurzel. Die subtile Botschaft dieses Tees ist: \u00e4Gro\u00dfe nat\u00fcrliche Kraftquelle\u201c.<\/p>\n","protected":false},"excerpt":{"rendered":"<p>Yogi Tee Frauen Power Beutel ist beschwingt durch fruchtigen Hibiskus, Himbeerbl\u00e4tter und Angelikawurzel. Die subtile Botschaft dieses Tees ist: \u00e4Gro\u00dfe nat\u00fcrliche Kraftquelle\u201c.<\/p>\n","protected":false},"featured_media":109028,"template":"","meta":{"_acf_changed":false},"product_brand":[1494],"product_cat":[615],"product_tag":[],"class_list":{"0":"post-109026","1":"product","2":"type-product","3":"status-publish","4":"has-post-thumbnail","6":"product_brand-yogi-tee","7":"product_cat-y","8":"pa_packungsgroesse-482","10":"first","11":"instock","12":"shipping-taxable","13":"purchasable","14":"product-type-simple"},"acf":[],"_links":{"self":[{"href":"https:\/\/www.hirtenberg-apotheke.at\/katalog\/wp-json\/wp\/v2\/product\/109026","targetHints":{"allow":["GET"]}}],"collection":[{"href":"https:\/\/www.hirtenberg-apotheke.at\/katalog\/wp-json\/wp\/v2\/product"}],"about":[{"href":"https:\/\/www.hirtenberg-apotheke.at\/katalog\/wp-json\/wp\/v2\/types\/product"}],"wp:featuredmedia":[{"embeddable":true,"href":"https:\/\/www.hirtenberg-apotheke.at\/katalog\/wp-json\/wp\/v2\/media\/109028"}],"wp:attachment":[{"href":"https:\/\/www.hirtenberg-apotheke.at\/katalog\/wp-json\/wp\/v2\/media?parent=109026"}],"wp:term":[{"taxonomy":"product_brand","embeddable":true,"href":"https:\/\/www.hirtenberg-apotheke.at\/katalog\/wp-json\/wp\/v2\/product_brand?post=109026"},{"taxonomy":"product_cat","embeddable":true,"href":"https:\/\/www.hirtenberg-apotheke.at\/katalog\/wp-json\/wp\/v2\/product_cat?post=109026"},{"taxonomy":"product_tag","embeddable":true,"href":"https:\/\/www.hirtenberg-apotheke.at\/katalog\/wp-json\/wp\/v2\/product_tag?post=109026"}],"curies":[{"name":"wp","href":"https:\/\/api.w.org\/{rel}","templated":true}]}}