{"id":109080,"date":"2025-12-03T11:53:59","date_gmt":"2025-12-03T10:53:59","guid":{"rendered":"https:\/\/www.hirtenberg-apotheke.at\/katalog\/produkt\/yogi-tee-sweet-chili\/"},"modified":"2025-12-03T11:54:03","modified_gmt":"2025-12-03T10:54:03","slug":"yogi-tee-sweet-chili","status":"publish","type":"product","link":"https:\/\/www.hirtenberg-apotheke.at\/katalog\/produkt\/yogi-tee-sweet-chili\/","title":{"rendered":"Yogi Tee Sweet Chili"},"content":{"rendered":"<p>Yogi Tee Sweet Chili beruhigt das innere Kind. Die minzig-sanfte S\u00fc\u00dfe entschleunigt, w\u00e4hrend eine Prise Chili und Minze den Verstand sch\u00e4rfen. Ein Tee, entspannend wie ein hei\u00dfer Tag im Juli.<\/p>\n","protected":false},"excerpt":{"rendered":"<p>Yogi Tee Sweet Chili beruhigt das innere Kind. Die minzig-sanfte S\u00fc\u00dfe entschleunigt, w\u00e4hrend eine Prise Chili und Minze den Verstand sch\u00e4rfen. Ein Tee, entspannend wie ein hei\u00dfer Tag im Juli.<\/p>\n","protected":false},"featured_media":109082,"template":"","meta":{"_acf_changed":false},"product_brand":[1494],"product_cat":[615],"product_tag":[],"class_list":{"0":"post-109080","1":"product","2":"type-product","3":"status-publish","4":"has-post-thumbnail","6":"product_brand-yogi-tee","7":"product_cat-y","8":"pa_packungsgroesse-482","10":"first","11":"instock","12":"shipping-taxable","13":"purchasable","14":"product-type-simple"},"acf":[],"_links":{"self":[{"href":"https:\/\/www.hirtenberg-apotheke.at\/katalog\/wp-json\/wp\/v2\/product\/109080","targetHints":{"allow":["GET"]}}],"collection":[{"href":"https:\/\/www.hirtenberg-apotheke.at\/katalog\/wp-json\/wp\/v2\/product"}],"about":[{"href":"https:\/\/www.hirtenberg-apotheke.at\/katalog\/wp-json\/wp\/v2\/types\/product"}],"wp:featuredmedia":[{"embeddable":true,"href":"https:\/\/www.hirtenberg-apotheke.at\/katalog\/wp-json\/wp\/v2\/media\/109082"}],"wp:attachment":[{"href":"https:\/\/www.hirtenberg-apotheke.at\/katalog\/wp-json\/wp\/v2\/media?parent=109080"}],"wp:term":[{"taxonomy":"product_brand","embeddable":true,"href":"https:\/\/www.hirtenberg-apotheke.at\/katalog\/wp-json\/wp\/v2\/product_brand?post=109080"},{"taxonomy":"product_cat","embeddable":true,"href":"https:\/\/www.hirtenberg-apotheke.at\/katalog\/wp-json\/wp\/v2\/product_cat?post=109080"},{"taxonomy":"product_tag","embeddable":true,"href":"https:\/\/www.hirtenberg-apotheke.at\/katalog\/wp-json\/wp\/v2\/product_tag?post=109080"}],"curies":[{"name":"wp","href":"https:\/\/api.w.org\/{rel}","templated":true}]}}