{"id":109090,"date":"2025-12-03T11:54:07","date_gmt":"2025-12-03T10:54:07","guid":{"rendered":"https:\/\/www.hirtenberg-apotheke.at\/katalog\/produkt\/vollkraft-apfelessig-naturtrueb-750-ml-bio\/"},"modified":"2025-12-03T11:54:33","modified_gmt":"2025-12-03T10:54:33","slug":"vollkraft-apfelessig-naturtrueb-750-ml-bio","status":"publish","type":"product","link":"https:\/\/www.hirtenberg-apotheke.at\/katalog\/produkt\/vollkraft-apfelessig-naturtrueb-750-ml-bio\/","title":{"rendered":"Vollkraft Apfelessig naturtr\u00fcb 750 ml BIO"},"content":{"rendered":"<p>Vollkraft Apfelessig naturtr\u00fcb kbA aus Direktsaft, ohne Konzentrat- und Zuckerzusatz, aus 100% sonnengereiften \u00c4pfeln hergestellt. In dem Apfelessig bleiben alle wertvollen Bestandteile des Apfels erhalten. Um diese wertvollen Inhaltsstoffe zu schonen, wird der Apfelessig beim Abf\u00fcllen nicht erhitzt.<\/p>\n","protected":false},"excerpt":{"rendered":"<p>Vollkraft Apfelessig naturtr\u00fcb kbA aus Direktsaft, ohne Konzentrat- und Zuckerzusatz, aus 100% sonnengereiften \u00c4pfeln hergestellt. In dem Apfelessig bleiben alle wertvollen Bestandteile des Apfels erhalten. Um diese wertvollen Inhaltsstoffe zu schonen, wird der Apfelessig beim Abf\u00fcllen nicht erhitzt.<\/p>\n","protected":false},"featured_media":109092,"template":"","meta":{"_acf_changed":false},"product_brand":[860],"product_cat":[300],"product_tag":[],"class_list":{"0":"post-109090","1":"product","2":"type-product","3":"status-publish","4":"has-post-thumbnail","6":"product_brand-vollkraft","7":"product_cat-v","8":"pa_packungsgroesse-750ml","10":"first","11":"instock","12":"shipping-taxable","13":"purchasable","14":"product-type-simple"},"acf":[],"_links":{"self":[{"href":"https:\/\/www.hirtenberg-apotheke.at\/katalog\/wp-json\/wp\/v2\/product\/109090","targetHints":{"allow":["GET"]}}],"collection":[{"href":"https:\/\/www.hirtenberg-apotheke.at\/katalog\/wp-json\/wp\/v2\/product"}],"about":[{"href":"https:\/\/www.hirtenberg-apotheke.at\/katalog\/wp-json\/wp\/v2\/types\/product"}],"wp:featuredmedia":[{"embeddable":true,"href":"https:\/\/www.hirtenberg-apotheke.at\/katalog\/wp-json\/wp\/v2\/media\/109092"}],"wp:attachment":[{"href":"https:\/\/www.hirtenberg-apotheke.at\/katalog\/wp-json\/wp\/v2\/media?parent=109090"}],"wp:term":[{"taxonomy":"product_brand","embeddable":true,"href":"https:\/\/www.hirtenberg-apotheke.at\/katalog\/wp-json\/wp\/v2\/product_brand?post=109090"},{"taxonomy":"product_cat","embeddable":true,"href":"https:\/\/www.hirtenberg-apotheke.at\/katalog\/wp-json\/wp\/v2\/product_cat?post=109090"},{"taxonomy":"product_tag","embeddable":true,"href":"https:\/\/www.hirtenberg-apotheke.at\/katalog\/wp-json\/wp\/v2\/product_tag?post=109090"}],"curies":[{"name":"wp","href":"https:\/\/api.w.org\/{rel}","templated":true}]}}