{"id":109129,"date":"2025-12-03T11:55:35","date_gmt":"2025-12-03T10:55:35","guid":{"rendered":"https:\/\/www.hirtenberg-apotheke.at\/katalog\/produkt\/vollkraft-carob-pulver-200-g-bio\/"},"modified":"2025-12-03T11:55:37","modified_gmt":"2025-12-03T10:55:37","slug":"vollkraft-carob-pulver-200-g-bio","status":"publish","type":"product","link":"https:\/\/www.hirtenberg-apotheke.at\/katalog\/produkt\/vollkraft-carob-pulver-200-g-bio\/","title":{"rendered":"Vollkraft Carob Pulver 200 g BIO"},"content":{"rendered":"<p>Vollkraft Carob Pulver kbA aus biologischem Anbau, eignet sich perfekt als basischer Kakaoersatz und ist dar\u00fcber hinaus ein wertvolles, nat\u00fcrliches Nahrungsmittel. Die nat\u00fcrliche S\u00fc\u00dfe vom Johannisbrotbaum ist kalorienarm und ballaststoffreich.<\/p>\n","protected":false},"excerpt":{"rendered":"<p>Vollkraft Carob Pulver kbA aus biologischem Anbau, eignet sich perfekt als basischer Kakaoersatz und ist dar\u00fcber hinaus ein wertvolles, nat\u00fcrliches Nahrungsmittel. Die nat\u00fcrliche S\u00fc\u00dfe vom Johannisbrotbaum ist kalorienarm und ballaststoffreich.<\/p>\n","protected":false},"featured_media":0,"template":"","meta":{"_acf_changed":false},"product_brand":[860],"product_cat":[300],"product_tag":[],"class_list":{"0":"post-109129","1":"product","2":"type-product","3":"status-publish","5":"product_brand-vollkraft","6":"product_cat-v","7":"pa_packungsgroesse-175g","9":"first","10":"instock","11":"shipping-taxable","12":"purchasable","13":"product-type-simple"},"acf":[],"_links":{"self":[{"href":"https:\/\/www.hirtenberg-apotheke.at\/katalog\/wp-json\/wp\/v2\/product\/109129","targetHints":{"allow":["GET"]}}],"collection":[{"href":"https:\/\/www.hirtenberg-apotheke.at\/katalog\/wp-json\/wp\/v2\/product"}],"about":[{"href":"https:\/\/www.hirtenberg-apotheke.at\/katalog\/wp-json\/wp\/v2\/types\/product"}],"wp:attachment":[{"href":"https:\/\/www.hirtenberg-apotheke.at\/katalog\/wp-json\/wp\/v2\/media?parent=109129"}],"wp:term":[{"taxonomy":"product_brand","embeddable":true,"href":"https:\/\/www.hirtenberg-apotheke.at\/katalog\/wp-json\/wp\/v2\/product_brand?post=109129"},{"taxonomy":"product_cat","embeddable":true,"href":"https:\/\/www.hirtenberg-apotheke.at\/katalog\/wp-json\/wp\/v2\/product_cat?post=109129"},{"taxonomy":"product_tag","embeddable":true,"href":"https:\/\/www.hirtenberg-apotheke.at\/katalog\/wp-json\/wp\/v2\/product_tag?post=109129"}],"curies":[{"name":"wp","href":"https:\/\/api.w.org\/{rel}","templated":true}]}}