{"id":109180,"date":"2025-12-03T11:57:10","date_gmt":"2025-12-03T10:57:10","guid":{"rendered":"https:\/\/www.hirtenberg-apotheke.at\/katalog\/produkt\/vollkraft-haferflocken-fein-500-g-bio\/"},"modified":"2025-12-03T11:57:31","modified_gmt":"2025-12-03T10:57:31","slug":"vollkraft-haferflocken-fein-500-g-bio","status":"publish","type":"product","link":"https:\/\/www.hirtenberg-apotheke.at\/katalog\/produkt\/vollkraft-haferflocken-fein-500-g-bio\/","title":{"rendered":"Vollkraft Haferflocken fein 500 g BIO"},"content":{"rendered":"<p>Vollkraft Haferflocken FEIN kbA eignen sich optimal f\u00fcrs M\u00fcsli oder f\u00fcr die Zubereitung von Haferbrei. Sehr leichte Verdaulichkeit.<\/p>\n","protected":false},"excerpt":{"rendered":"<p>Vollkraft Haferflocken FEIN kbA eignen sich optimal f\u00fcrs M\u00fcsli oder f\u00fcr die Zubereitung von Haferbrei. Sehr leichte Verdaulichkeit.<\/p>\n","protected":false},"featured_media":109182,"template":"","meta":{"_acf_changed":false},"product_brand":[860],"product_cat":[300],"product_tag":[],"class_list":{"0":"post-109180","1":"product","2":"type-product","3":"status-publish","4":"has-post-thumbnail","6":"product_brand-vollkraft","7":"product_cat-v","8":"pa_packungsgroesse-500g","10":"first","11":"instock","12":"shipping-taxable","13":"purchasable","14":"product-type-simple"},"acf":[],"_links":{"self":[{"href":"https:\/\/www.hirtenberg-apotheke.at\/katalog\/wp-json\/wp\/v2\/product\/109180","targetHints":{"allow":["GET"]}}],"collection":[{"href":"https:\/\/www.hirtenberg-apotheke.at\/katalog\/wp-json\/wp\/v2\/product"}],"about":[{"href":"https:\/\/www.hirtenberg-apotheke.at\/katalog\/wp-json\/wp\/v2\/types\/product"}],"wp:featuredmedia":[{"embeddable":true,"href":"https:\/\/www.hirtenberg-apotheke.at\/katalog\/wp-json\/wp\/v2\/media\/109182"}],"wp:attachment":[{"href":"https:\/\/www.hirtenberg-apotheke.at\/katalog\/wp-json\/wp\/v2\/media?parent=109180"}],"wp:term":[{"taxonomy":"product_brand","embeddable":true,"href":"https:\/\/www.hirtenberg-apotheke.at\/katalog\/wp-json\/wp\/v2\/product_brand?post=109180"},{"taxonomy":"product_cat","embeddable":true,"href":"https:\/\/www.hirtenberg-apotheke.at\/katalog\/wp-json\/wp\/v2\/product_cat?post=109180"},{"taxonomy":"product_tag","embeddable":true,"href":"https:\/\/www.hirtenberg-apotheke.at\/katalog\/wp-json\/wp\/v2\/product_tag?post=109180"}],"curies":[{"name":"wp","href":"https:\/\/api.w.org\/{rel}","templated":true}]}}