{"id":109302,"date":"2025-12-03T12:01:06","date_gmt":"2025-12-03T11:01:06","guid":{"rendered":"https:\/\/www.hirtenberg-apotheke.at\/katalog\/produkt\/vollkraft-sojaflocken-500-g-bio\/"},"modified":"2025-12-03T12:01:12","modified_gmt":"2025-12-03T11:01:12","slug":"vollkraft-sojaflocken-500-g-bio","status":"publish","type":"product","link":"https:\/\/www.hirtenberg-apotheke.at\/katalog\/produkt\/vollkraft-sojaflocken-500-g-bio\/","title":{"rendered":"Vollkraft Sojaflocken 500 g BIO"},"content":{"rendered":"<p>Vollkraft Sojaflocken kbA: Soja ist ein wohlschmeckendes und facettenreiches Lebensmittel, das sich aufgrund seines Gehalts an Eiwei\u00df, der sekund\u00e4ren Pflanzeninhaltsstoffe, des g\u00fcnstigen Fetts\u00e4uremusters und der begleitenden Ballaststoffe positiv auf die Gesundheit auswirken kann. Die Flocken sind vielseitig einsetzbar und schnell zu leckeren Speisen verarbeitet.<\/p>\n","protected":false},"excerpt":{"rendered":"<p>Vollkraft Sojaflocken kbA: Soja ist ein wohlschmeckendes und facettenreiches Lebensmittel, das sich aufgrund seines Gehalts an Eiwei\u00df, der sekund\u00e4ren Pflanzeninhaltsstoffe, des g\u00fcnstigen Fetts\u00e4uremusters und der begleitenden Ballaststoffe positiv auf die Gesundheit auswirken kann. Die Flocken sind vielseitig einsetzbar und schnell zu leckeren Speisen verarbeitet.<\/p>\n","protected":false},"featured_media":109304,"template":"","meta":{"_acf_changed":false},"product_brand":[860],"product_cat":[300],"product_tag":[],"class_list":{"0":"post-109302","1":"product","2":"type-product","3":"status-publish","4":"has-post-thumbnail","6":"product_brand-vollkraft","7":"product_cat-v","8":"pa_packungsgroesse-500g","10":"first","11":"instock","12":"shipping-taxable","13":"purchasable","14":"product-type-simple"},"acf":[],"_links":{"self":[{"href":"https:\/\/www.hirtenberg-apotheke.at\/katalog\/wp-json\/wp\/v2\/product\/109302","targetHints":{"allow":["GET"]}}],"collection":[{"href":"https:\/\/www.hirtenberg-apotheke.at\/katalog\/wp-json\/wp\/v2\/product"}],"about":[{"href":"https:\/\/www.hirtenberg-apotheke.at\/katalog\/wp-json\/wp\/v2\/types\/product"}],"wp:featuredmedia":[{"embeddable":true,"href":"https:\/\/www.hirtenberg-apotheke.at\/katalog\/wp-json\/wp\/v2\/media\/109304"}],"wp:attachment":[{"href":"https:\/\/www.hirtenberg-apotheke.at\/katalog\/wp-json\/wp\/v2\/media?parent=109302"}],"wp:term":[{"taxonomy":"product_brand","embeddable":true,"href":"https:\/\/www.hirtenberg-apotheke.at\/katalog\/wp-json\/wp\/v2\/product_brand?post=109302"},{"taxonomy":"product_cat","embeddable":true,"href":"https:\/\/www.hirtenberg-apotheke.at\/katalog\/wp-json\/wp\/v2\/product_cat?post=109302"},{"taxonomy":"product_tag","embeddable":true,"href":"https:\/\/www.hirtenberg-apotheke.at\/katalog\/wp-json\/wp\/v2\/product_tag?post=109302"}],"curies":[{"name":"wp","href":"https:\/\/api.w.org\/{rel}","templated":true}]}}