{"id":109327,"date":"2025-12-03T12:01:56","date_gmt":"2025-12-03T11:01:56","guid":{"rendered":"https:\/\/www.hirtenberg-apotheke.at\/katalog\/produkt\/vollkraft-tamari-800-g-bio\/"},"modified":"2025-12-03T12:02:16","modified_gmt":"2025-12-03T11:02:16","slug":"vollkraft-tamari-800-g-bio","status":"publish","type":"product","link":"https:\/\/www.hirtenberg-apotheke.at\/katalog\/produkt\/vollkraft-tamari-800-g-bio\/","title":{"rendered":"Vollkraft Tamari 800 g BIO"},"content":{"rendered":"<p>Vollkraft Tamari kbA: Die traditionelle hochwertige Sojaso\u00dfe f\u00fcr die Naturk\u00fcche aus biolog. Anbau, die vielseitig einsetzbar ist, verfeinert alle w\u00fcrzigen Gerichte. Sauce aus Sojabohnen, Milchsauervergoren, rechtsdrehende Milchs\u00e4ure.<\/p>\n","protected":false},"excerpt":{"rendered":"<p>Vollkraft Tamari kbA: Die traditionelle hochwertige Sojaso\u00dfe f\u00fcr die Naturk\u00fcche aus biolog. Anbau, die vielseitig einsetzbar ist, verfeinert alle w\u00fcrzigen Gerichte. Sauce aus Sojabohnen, Milchsauervergoren, rechtsdrehende Milchs\u00e4ure.<\/p>\n","protected":false},"featured_media":109329,"template":"","meta":{"_acf_changed":false},"product_brand":[860],"product_cat":[300],"product_tag":[],"class_list":{"0":"post-109327","1":"product","2":"type-product","3":"status-publish","4":"has-post-thumbnail","6":"product_brand-vollkraft","7":"product_cat-v","8":"pa_packungsgroesse-800g","10":"first","11":"instock","12":"shipping-taxable","13":"purchasable","14":"product-type-simple"},"acf":[],"_links":{"self":[{"href":"https:\/\/www.hirtenberg-apotheke.at\/katalog\/wp-json\/wp\/v2\/product\/109327","targetHints":{"allow":["GET"]}}],"collection":[{"href":"https:\/\/www.hirtenberg-apotheke.at\/katalog\/wp-json\/wp\/v2\/product"}],"about":[{"href":"https:\/\/www.hirtenberg-apotheke.at\/katalog\/wp-json\/wp\/v2\/types\/product"}],"wp:featuredmedia":[{"embeddable":true,"href":"https:\/\/www.hirtenberg-apotheke.at\/katalog\/wp-json\/wp\/v2\/media\/109329"}],"wp:attachment":[{"href":"https:\/\/www.hirtenberg-apotheke.at\/katalog\/wp-json\/wp\/v2\/media?parent=109327"}],"wp:term":[{"taxonomy":"product_brand","embeddable":true,"href":"https:\/\/www.hirtenberg-apotheke.at\/katalog\/wp-json\/wp\/v2\/product_brand?post=109327"},{"taxonomy":"product_cat","embeddable":true,"href":"https:\/\/www.hirtenberg-apotheke.at\/katalog\/wp-json\/wp\/v2\/product_cat?post=109327"},{"taxonomy":"product_tag","embeddable":true,"href":"https:\/\/www.hirtenberg-apotheke.at\/katalog\/wp-json\/wp\/v2\/product_tag?post=109327"}],"curies":[{"name":"wp","href":"https:\/\/api.w.org\/{rel}","templated":true}]}}