{"id":109420,"date":"2025-12-03T12:03:54","date_gmt":"2025-12-03T11:03:54","guid":{"rendered":"https:\/\/www.hirtenberg-apotheke.at\/katalog\/produkt\/water-star-karaffe-1-stk\/"},"modified":"2025-12-03T12:03:57","modified_gmt":"2025-12-03T11:03:57","slug":"water-star-karaffe-1-stk","status":"publish","type":"product","link":"https:\/\/www.hirtenberg-apotheke.at\/katalog\/produkt\/water-star-karaffe-1-stk\/","title":{"rendered":"Water Star Karaffe 1 Stk."},"content":{"rendered":"<p>Water Star Karaffe hat ein Fassungsverm\u00f6gen von ca. 1,3 l Wasser. Durch ihre schlanke Form liegt die formsch\u00f6ne WaterStar Karaffe nicht nur gut in der Hand, sondern erleichtert auch das Umf\u00fcllen in Gl\u00e4ser.<\/p>\n","protected":false},"excerpt":{"rendered":"<p>Water Star Karaffe hat ein Fassungsverm\u00f6gen von ca. 1,3 l Wasser. Durch ihre schlanke Form liegt die formsch\u00f6ne WaterStar Karaffe nicht nur gut in der Hand, sondern erleichtert auch das Umf\u00fcllen in Gl\u00e4ser.<\/p>\n","protected":false},"featured_media":0,"template":"","meta":{"_acf_changed":false},"product_brand":[],"product_cat":[368],"product_tag":[],"class_list":{"0":"post-109420","1":"product","2":"type-product","3":"status-publish","5":"product_cat-w","6":"pa_packungsgroesse-1-stueck","8":"first","9":"instock","10":"shipping-taxable","11":"purchasable","12":"product-type-simple"},"acf":[],"_links":{"self":[{"href":"https:\/\/www.hirtenberg-apotheke.at\/katalog\/wp-json\/wp\/v2\/product\/109420","targetHints":{"allow":["GET"]}}],"collection":[{"href":"https:\/\/www.hirtenberg-apotheke.at\/katalog\/wp-json\/wp\/v2\/product"}],"about":[{"href":"https:\/\/www.hirtenberg-apotheke.at\/katalog\/wp-json\/wp\/v2\/types\/product"}],"wp:attachment":[{"href":"https:\/\/www.hirtenberg-apotheke.at\/katalog\/wp-json\/wp\/v2\/media?parent=109420"}],"wp:term":[{"taxonomy":"product_brand","embeddable":true,"href":"https:\/\/www.hirtenberg-apotheke.at\/katalog\/wp-json\/wp\/v2\/product_brand?post=109420"},{"taxonomy":"product_cat","embeddable":true,"href":"https:\/\/www.hirtenberg-apotheke.at\/katalog\/wp-json\/wp\/v2\/product_cat?post=109420"},{"taxonomy":"product_tag","embeddable":true,"href":"https:\/\/www.hirtenberg-apotheke.at\/katalog\/wp-json\/wp\/v2\/product_tag?post=109420"}],"curies":[{"name":"wp","href":"https:\/\/api.w.org\/{rel}","templated":true}]}}