{"id":109467,"date":"2025-12-03T12:05:11","date_gmt":"2025-12-03T11:05:11","guid":{"rendered":"https:\/\/www.hirtenberg-apotheke.at\/katalog\/produkt\/huebner-weissdorn-liquidum-250-ml\/"},"modified":"2025-12-03T12:05:13","modified_gmt":"2025-12-03T11:05:13","slug":"huebner-weissdorn-liquidum-250-ml","status":"publish","type":"product","link":"https:\/\/www.hirtenberg-apotheke.at\/katalog\/produkt\/huebner-weissdorn-liquidum-250-ml\/","title":{"rendered":"H\u00fcbner Wei\u00dfdorn Liquidum 250 ml"},"content":{"rendered":"<p>H\u00fcbner Wei\u00dfdorn Liquidum ist ein traditionelles Arzneimittel zur Unterst\u00fctzung der Herz-Kreislauf-Funktion. Es dient zur nat\u00fcrlichen Harmonisierung des Herzens und wird aus der frischen, vollen Frucht des Wei\u00dfdorns gewonnen.<\/p>\n","protected":false},"excerpt":{"rendered":"<p>H\u00fcbner Wei\u00dfdorn Liquidum ist ein traditionelles Arzneimittel zur Unterst\u00fctzung der Herz-Kreislauf-Funktion. Es dient zur nat\u00fcrlichen Harmonisierung des Herzens und wird aus der frischen, vollen Frucht des Wei\u00dfdorns gewonnen.<\/p>\n","protected":false},"featured_media":0,"template":"","meta":{"_acf_changed":false},"product_brand":[],"product_cat":[330],"product_tag":[],"class_list":{"0":"post-109467","1":"product","2":"type-product","3":"status-publish","5":"product_cat-h","6":"pa_packungsgroesse-250ml","8":"first","9":"instock","10":"shipping-taxable","11":"purchasable","12":"product-type-simple"},"acf":[],"_links":{"self":[{"href":"https:\/\/www.hirtenberg-apotheke.at\/katalog\/wp-json\/wp\/v2\/product\/109467","targetHints":{"allow":["GET"]}}],"collection":[{"href":"https:\/\/www.hirtenberg-apotheke.at\/katalog\/wp-json\/wp\/v2\/product"}],"about":[{"href":"https:\/\/www.hirtenberg-apotheke.at\/katalog\/wp-json\/wp\/v2\/types\/product"}],"wp:attachment":[{"href":"https:\/\/www.hirtenberg-apotheke.at\/katalog\/wp-json\/wp\/v2\/media?parent=109467"}],"wp:term":[{"taxonomy":"product_brand","embeddable":true,"href":"https:\/\/www.hirtenberg-apotheke.at\/katalog\/wp-json\/wp\/v2\/product_brand?post=109467"},{"taxonomy":"product_cat","embeddable":true,"href":"https:\/\/www.hirtenberg-apotheke.at\/katalog\/wp-json\/wp\/v2\/product_cat?post=109467"},{"taxonomy":"product_tag","embeddable":true,"href":"https:\/\/www.hirtenberg-apotheke.at\/katalog\/wp-json\/wp\/v2\/product_tag?post=109467"}],"curies":[{"name":"wp","href":"https:\/\/api.w.org\/{rel}","templated":true}]}}