{"id":109662,"date":"2025-12-03T12:10:43","date_gmt":"2025-12-03T11:10:43","guid":{"rendered":"https:\/\/www.hirtenberg-apotheke.at\/katalog\/produkt\/waermekissen-tier-gross-katze-1-stk\/"},"modified":"2025-12-03T12:10:47","modified_gmt":"2025-12-03T11:10:47","slug":"waermekissen-tier-gross-katze-1-stk","status":"publish","type":"product","link":"https:\/\/www.hirtenberg-apotheke.at\/katalog\/produkt\/waermekissen-tier-gross-katze-1-stk\/","title":{"rendered":"W\u00e4rmekissen Tier Gro\u00df Katze 1 Stk."},"content":{"rendered":"<p>Seit knapp 30 Jahren steht Pharmag f\u00fcr kompetente Beratung und verl\u00e4ssliche Betreuung beim Vertrieb von pharmazeutischen Produkten, di\u00e4tetischen Lebensmitteln, Kosmetika und hochwertigen Produkten f\u00fcr die Apotheke.<\/p>\n","protected":false},"excerpt":{"rendered":"<p>Seit knapp 30 Jahren steht Pharmag f\u00fcr kompetente Beratung und verl\u00e4ssliche Betreuung beim Vertrieb von pharmazeutischen Produkten, di\u00e4tetischen Lebensmitteln, Kosmetika und hochwertigen Produkten f\u00fcr die Apotheke.<\/p>\n","protected":false},"featured_media":0,"template":"","meta":{"_acf_changed":false},"product_brand":[],"product_cat":[368],"product_tag":[],"class_list":{"0":"post-109662","1":"product","2":"type-product","3":"status-publish","5":"product_cat-w","6":"pa_packungsgroesse-1-stueck","8":"first","9":"instock","10":"shipping-taxable","11":"purchasable","12":"product-type-simple"},"acf":[],"_links":{"self":[{"href":"https:\/\/www.hirtenberg-apotheke.at\/katalog\/wp-json\/wp\/v2\/product\/109662","targetHints":{"allow":["GET"]}}],"collection":[{"href":"https:\/\/www.hirtenberg-apotheke.at\/katalog\/wp-json\/wp\/v2\/product"}],"about":[{"href":"https:\/\/www.hirtenberg-apotheke.at\/katalog\/wp-json\/wp\/v2\/types\/product"}],"wp:attachment":[{"href":"https:\/\/www.hirtenberg-apotheke.at\/katalog\/wp-json\/wp\/v2\/media?parent=109662"}],"wp:term":[{"taxonomy":"product_brand","embeddable":true,"href":"https:\/\/www.hirtenberg-apotheke.at\/katalog\/wp-json\/wp\/v2\/product_brand?post=109662"},{"taxonomy":"product_cat","embeddable":true,"href":"https:\/\/www.hirtenberg-apotheke.at\/katalog\/wp-json\/wp\/v2\/product_cat?post=109662"},{"taxonomy":"product_tag","embeddable":true,"href":"https:\/\/www.hirtenberg-apotheke.at\/katalog\/wp-json\/wp\/v2\/product_tag?post=109662"}],"curies":[{"name":"wp","href":"https:\/\/api.w.org\/{rel}","templated":true}]}}