{"id":109999,"date":"2025-12-03T12:17:24","date_gmt":"2025-12-03T11:17:24","guid":{"rendered":"https:\/\/www.hirtenberg-apotheke.at\/katalog\/produkt\/gum-easy-floss-zahnseide-30-m\/"},"modified":"2025-12-03T12:17:28","modified_gmt":"2025-12-03T11:17:28","slug":"gum-easy-floss-zahnseide-30-m","status":"publish","type":"product","link":"https:\/\/www.hirtenberg-apotheke.at\/katalog\/produkt\/gum-easy-floss-zahnseide-30-m\/","title":{"rendered":"Gum Easy Floss Zahnseide 30 m"},"content":{"rendered":"<p>Das Teflon-beschichtete (PTFE), d\u00fcnne Zahnbandgleitet auch bei sehr eng zusammenstehenden Z\u00e4hnengut durch den Zwischenraum, auch f\u00fcr Anf\u00e4ngeroptimal geeignet.Die satinartige, besonders rei\u00dffeste Zahnseide istsanft zum Zahnfleisch.<\/p>\n","protected":false},"excerpt":{"rendered":"<p>Das Teflon-beschichtete (PTFE), d\u00fcnne Zahnbandgleitet auch bei sehr eng zusammenstehenden Z\u00e4hnengut durch den Zwischenraum, auch f\u00fcr Anf\u00e4ngeroptimal geeignet.Die satinartige, besonders rei\u00dffeste Zahnseide istsanft zum Zahnfleisch.<\/p>\n","protected":false},"featured_media":110001,"template":"","meta":{"_acf_changed":false},"product_brand":[886],"product_cat":[328],"product_tag":[],"class_list":{"0":"post-109999","1":"product","2":"type-product","3":"status-publish","4":"has-post-thumbnail","6":"product_brand-g-u-m","7":"product_cat-g","8":"pa_packungsgroesse-902","10":"first","11":"instock","12":"shipping-taxable","13":"purchasable","14":"product-type-simple"},"acf":[],"_links":{"self":[{"href":"https:\/\/www.hirtenberg-apotheke.at\/katalog\/wp-json\/wp\/v2\/product\/109999","targetHints":{"allow":["GET"]}}],"collection":[{"href":"https:\/\/www.hirtenberg-apotheke.at\/katalog\/wp-json\/wp\/v2\/product"}],"about":[{"href":"https:\/\/www.hirtenberg-apotheke.at\/katalog\/wp-json\/wp\/v2\/types\/product"}],"wp:featuredmedia":[{"embeddable":true,"href":"https:\/\/www.hirtenberg-apotheke.at\/katalog\/wp-json\/wp\/v2\/media\/110001"}],"wp:attachment":[{"href":"https:\/\/www.hirtenberg-apotheke.at\/katalog\/wp-json\/wp\/v2\/media?parent=109999"}],"wp:term":[{"taxonomy":"product_brand","embeddable":true,"href":"https:\/\/www.hirtenberg-apotheke.at\/katalog\/wp-json\/wp\/v2\/product_brand?post=109999"},{"taxonomy":"product_cat","embeddable":true,"href":"https:\/\/www.hirtenberg-apotheke.at\/katalog\/wp-json\/wp\/v2\/product_cat?post=109999"},{"taxonomy":"product_tag","embeddable":true,"href":"https:\/\/www.hirtenberg-apotheke.at\/katalog\/wp-json\/wp\/v2\/product_tag?post=109999"}],"curies":[{"name":"wp","href":"https:\/\/api.w.org\/{rel}","templated":true}]}}