{"id":110016,"date":"2025-12-03T12:17:47","date_gmt":"2025-12-03T11:17:47","guid":{"rendered":"https:\/\/www.hirtenberg-apotheke.at\/katalog\/produkt\/gall-pharma-zink-12-mg-kapseln-120-stk\/"},"modified":"2025-12-03T12:17:51","modified_gmt":"2025-12-03T11:17:51","slug":"gall-pharma-zink-12-mg-kapseln-120-stk","status":"publish","type":"product","link":"https:\/\/www.hirtenberg-apotheke.at\/katalog\/produkt\/gall-pharma-zink-12-mg-kapseln-120-stk\/","title":{"rendered":"Gall Pharma Zink 12 mg Kapseln 120 Stk."},"content":{"rendered":"<p>Gall Pharma Zink 12 mg Kapseln enthalten 12 mg Zink in Form von gut verwertbarem Zinkgluconat in einer Hartgelatinekapsel. Zink als essentieller N\u00e4hrstoff, der vom K\u00f6rper nicht selbst gebildet werden kann und daher \u00fcber die Nahrung zugef\u00fchrt werden muss, ist entscheidend f\u00fcr ein allgemeines Wohlbefinden<\/p>\n","protected":false},"excerpt":{"rendered":"<p>Gall Pharma Zink 12 mg Kapseln enthalten 12 mg Zink in Form von gut verwertbarem Zinkgluconat in einer Hartgelatinekapsel. Zink als essentieller N\u00e4hrstoff, der vom K\u00f6rper nicht selbst gebildet werden kann und daher \u00fcber die Nahrung zugef\u00fchrt werden muss, ist entscheidend f\u00fcr ein allgemeines Wohlbefinden<\/p>\n","protected":false},"featured_media":110018,"template":"","meta":{"_acf_changed":false},"product_brand":[],"product_cat":[328],"product_tag":[],"class_list":{"0":"post-110016","1":"product","2":"type-product","3":"status-publish","4":"has-post-thumbnail","6":"product_cat-g","7":"pa_packungsgroesse-120-stueck","9":"first","10":"instock","11":"shipping-taxable","12":"purchasable","13":"product-type-simple"},"acf":[],"_links":{"self":[{"href":"https:\/\/www.hirtenberg-apotheke.at\/katalog\/wp-json\/wp\/v2\/product\/110016","targetHints":{"allow":["GET"]}}],"collection":[{"href":"https:\/\/www.hirtenberg-apotheke.at\/katalog\/wp-json\/wp\/v2\/product"}],"about":[{"href":"https:\/\/www.hirtenberg-apotheke.at\/katalog\/wp-json\/wp\/v2\/types\/product"}],"wp:featuredmedia":[{"embeddable":true,"href":"https:\/\/www.hirtenberg-apotheke.at\/katalog\/wp-json\/wp\/v2\/media\/110018"}],"wp:attachment":[{"href":"https:\/\/www.hirtenberg-apotheke.at\/katalog\/wp-json\/wp\/v2\/media?parent=110016"}],"wp:term":[{"taxonomy":"product_brand","embeddable":true,"href":"https:\/\/www.hirtenberg-apotheke.at\/katalog\/wp-json\/wp\/v2\/product_brand?post=110016"},{"taxonomy":"product_cat","embeddable":true,"href":"https:\/\/www.hirtenberg-apotheke.at\/katalog\/wp-json\/wp\/v2\/product_cat?post=110016"},{"taxonomy":"product_tag","embeddable":true,"href":"https:\/\/www.hirtenberg-apotheke.at\/katalog\/wp-json\/wp\/v2\/product_tag?post=110016"}],"curies":[{"name":"wp","href":"https:\/\/api.w.org\/{rel}","templated":true}]}}