{"id":110019,"date":"2025-12-03T12:17:47","date_gmt":"2025-12-03T11:17:47","guid":{"rendered":"https:\/\/www.hirtenberg-apotheke.at\/katalog\/produkt\/zeinpharma-zink-chelat-25-mg-kapseln-120-stk\/"},"modified":"2025-12-03T12:18:12","modified_gmt":"2025-12-03T11:18:12","slug":"zeinpharma-zink-chelat-25-mg-kapseln-120-stk","status":"publish","type":"product","link":"https:\/\/www.hirtenberg-apotheke.at\/katalog\/produkt\/zeinpharma-zink-chelat-25-mg-kapseln-120-stk\/","title":{"rendered":"ZeinPharma Zink-Chelat 25 mg Kapseln 120 Stk."},"content":{"rendered":"<p>ZeinPharma Zink-Chelat Kapseln enthalten hochdosiertes Zink in einer hoch-bioverf\u00fcgbaren Chelat-Verbindung, so dass bereits eine Kapsel am Tag eine zuverl\u00e4ssige Zinkversorgung gew\u00e4hrleistet. In Form des Zink-Chelats ist Zink dabei an die Aminos\u00e4ure Glycin gebunden.<\/p>\n","protected":false},"excerpt":{"rendered":"<p>ZeinPharma Zink-Chelat Kapseln enthalten hochdosiertes Zink in einer hoch-bioverf\u00fcgbaren Chelat-Verbindung, so dass bereits eine Kapsel am Tag eine zuverl\u00e4ssige Zinkversorgung gew\u00e4hrleistet. In Form des Zink-Chelats ist Zink dabei an die Aminos\u00e4ure Glycin gebunden.<\/p>\n","protected":false},"featured_media":110021,"template":"","meta":{"_acf_changed":false},"product_brand":[],"product_cat":[325],"product_tag":[],"class_list":{"0":"post-110019","1":"product","2":"type-product","3":"status-publish","4":"has-post-thumbnail","6":"product_cat-z","7":"pa_packungsgroesse-120-stueck","9":"first","10":"instock","11":"shipping-taxable","12":"purchasable","13":"product-type-simple"},"acf":[],"_links":{"self":[{"href":"https:\/\/www.hirtenberg-apotheke.at\/katalog\/wp-json\/wp\/v2\/product\/110019","targetHints":{"allow":["GET"]}}],"collection":[{"href":"https:\/\/www.hirtenberg-apotheke.at\/katalog\/wp-json\/wp\/v2\/product"}],"about":[{"href":"https:\/\/www.hirtenberg-apotheke.at\/katalog\/wp-json\/wp\/v2\/types\/product"}],"wp:featuredmedia":[{"embeddable":true,"href":"https:\/\/www.hirtenberg-apotheke.at\/katalog\/wp-json\/wp\/v2\/media\/110021"}],"wp:attachment":[{"href":"https:\/\/www.hirtenberg-apotheke.at\/katalog\/wp-json\/wp\/v2\/media?parent=110019"}],"wp:term":[{"taxonomy":"product_brand","embeddable":true,"href":"https:\/\/www.hirtenberg-apotheke.at\/katalog\/wp-json\/wp\/v2\/product_brand?post=110019"},{"taxonomy":"product_cat","embeddable":true,"href":"https:\/\/www.hirtenberg-apotheke.at\/katalog\/wp-json\/wp\/v2\/product_cat?post=110019"},{"taxonomy":"product_tag","embeddable":true,"href":"https:\/\/www.hirtenberg-apotheke.at\/katalog\/wp-json\/wp\/v2\/product_tag?post=110019"}],"curies":[{"name":"wp","href":"https:\/\/api.w.org\/{rel}","templated":true}]}}