{"id":110067,"date":"2025-12-03T12:19:27","date_gmt":"2025-12-03T11:19:27","guid":{"rendered":"https:\/\/www.hirtenberg-apotheke.at\/katalog\/produkt\/plantocaps-coitosan-kapseln-60-stk\/"},"modified":"2025-12-03T12:19:54","modified_gmt":"2025-12-03T11:19:54","slug":"plantocaps-coitosan-kapseln-60-stk","status":"publish","type":"product","link":"https:\/\/www.hirtenberg-apotheke.at\/katalog\/produkt\/plantocaps-coitosan-kapseln-60-stk\/","title":{"rendered":"Plantocaps Coitosan Kapseln 60 Stk."},"content":{"rendered":"<p>Kraft, St\u00e4rke und Performance f\u00fcr den aktiven Mann. Die Plantocaps Coitosan Kapseln sind Nahrungserg\u00e4nzungsmittel, die nach aktuellen wissenschaftlichen Ergebnissen entwickelt und unter strengen Qualit\u00e4tsrichtlinien hergestellt wurden. Sie beinhalten Bockshornklee und die zwei Spurenelemente Selen und Zink zur Erhaltung des Testosteronspiegels im Normbereich sowie f\u00fcr eine gesunde Fruchtbarkeit und Reproduktion und Vitamin B6 zur Regulierung der Hormont\u00e4tigkeit. Plantocaps Coitosan Kapseln k\u00f6nnen au\u00dferdem problemlos regelm\u00e4\u00dfig und \u00fcber einen l\u00e4ngeren Zeitraum eingenommen werden.<\/p>\n","protected":false},"excerpt":{"rendered":"<p>Kraft, St\u00e4rke und Performance f\u00fcr den aktiven Mann. Die Plantocaps Coitosan Kapseln sind Nahrungserg\u00e4nzungsmittel, die nach aktuellen wissenschaftlichen Ergebnissen entwickelt und unter strengen Qualit\u00e4tsrichtlinien hergestellt wurden. Sie beinhalten Bockshornklee und die zwei Spurenelemente Selen und Zink zur Erhaltung des Testosteronspiegels im Normbereich sowie f\u00fcr eine gesunde Fruchtbarkeit und Reproduktion und Vitamin B6 zur Regulierung der [&hellip;]<\/p>\n","protected":false},"featured_media":110069,"template":"","meta":{"_acf_changed":false},"product_brand":[],"product_cat":[302],"product_tag":[],"class_list":{"0":"post-110067","1":"product","2":"type-product","3":"status-publish","4":"has-post-thumbnail","6":"product_cat-p","7":"pa_packungsgroesse-60-stueck","9":"first","10":"instock","11":"shipping-taxable","12":"purchasable","13":"product-type-simple"},"acf":[],"_links":{"self":[{"href":"https:\/\/www.hirtenberg-apotheke.at\/katalog\/wp-json\/wp\/v2\/product\/110067","targetHints":{"allow":["GET"]}}],"collection":[{"href":"https:\/\/www.hirtenberg-apotheke.at\/katalog\/wp-json\/wp\/v2\/product"}],"about":[{"href":"https:\/\/www.hirtenberg-apotheke.at\/katalog\/wp-json\/wp\/v2\/types\/product"}],"wp:featuredmedia":[{"embeddable":true,"href":"https:\/\/www.hirtenberg-apotheke.at\/katalog\/wp-json\/wp\/v2\/media\/110069"}],"wp:attachment":[{"href":"https:\/\/www.hirtenberg-apotheke.at\/katalog\/wp-json\/wp\/v2\/media?parent=110067"}],"wp:term":[{"taxonomy":"product_brand","embeddable":true,"href":"https:\/\/www.hirtenberg-apotheke.at\/katalog\/wp-json\/wp\/v2\/product_brand?post=110067"},{"taxonomy":"product_cat","embeddable":true,"href":"https:\/\/www.hirtenberg-apotheke.at\/katalog\/wp-json\/wp\/v2\/product_cat?post=110067"},{"taxonomy":"product_tag","embeddable":true,"href":"https:\/\/www.hirtenberg-apotheke.at\/katalog\/wp-json\/wp\/v2\/product_tag?post=110067"}],"curies":[{"name":"wp","href":"https:\/\/api.w.org\/{rel}","templated":true}]}}