{"id":110076,"date":"2025-12-03T12:19:53","date_gmt":"2025-12-03T11:19:53","guid":{"rendered":"https:\/\/www.hirtenberg-apotheke.at\/katalog\/produkt\/gall-pharma-ubiquinol-100-mg-kapseln-30-stk\/"},"modified":"2025-12-03T12:20:14","modified_gmt":"2025-12-03T11:20:14","slug":"gall-pharma-ubiquinol-100-mg-kapseln-30-stk","status":"publish","type":"product","link":"https:\/\/www.hirtenberg-apotheke.at\/katalog\/produkt\/gall-pharma-ubiquinol-100-mg-kapseln-30-stk\/","title":{"rendered":"Gall Pharma Ubiquinol 100 mg Kapseln 30 Stk."},"content":{"rendered":"<p>Coenzym Q-10 existiert in zwei biochemischen Formen, als Ubiquinon und als Ubiquinol. Ubiquinol ist die reduzierte und damit die aktive Form des Coenzyms Q-10. Es kommt in geringer Menge in der Nahrung vor, haupts\u00e4chlich wird es aber vom K\u00f6rper selbst hergestellt. Coenzym Q-10 wird f\u00fcr die Energiegewinnung in den Mitochondrien ben\u00f6tigt und ist in seiner reduzierten Form als Ubiquinol ein zentraler Faktor f\u00fcr antioxidativen Zellschutz. Ubiquinol ist ein hochwirksames, fettl\u00f6sliches Antioxidans, das u. a. in der Lage ist, Vitamin E und Vitamin C zu regenerieren. Seine Bedeutung wird durch die Tatsache unterstrichen, dass es das einzige fettl\u00f6sliche Antioxidans ist, das im K\u00f6rper synthetisiert wird.Coenzym Q-10 kann seine gesundheitsf\u00f6rdernde Wirkung nur entfalten, wenn es in den Blutkreislauf aufgenommen und in Ubiquinol umgewandelt wird. Das erfordert unter anderem eine uneingeschr\u00e4nkte Enzymaktivit\u00e4t. Ab dem 40. Lebensjahr nimmt die F\u00e4higkeit des K\u00f6rpers Ubiquinon aufzunehmen und es in die aktive Form umzuwandeln stetig ab.Erh\u00f6hte Cholesterinwerte erfordern oft die Einnahme von speziellen Medikamenten (Statine), die zwar einerseits den Cholesterinspiegel senken, aber auch andererseits Coenzym Q-10 R\u00e4uber sind.Ubiquinol 100 mg GPH Kapseln enthalten 100 mg Ubiquinol in einer Weichgelatinekapsel. Oral eingenommen zeigt Ubiquinol eine deutlich h\u00f6here Bioverf\u00fcgbarkeit als Ubiquinon, sodass es bereits in niedriger Dosierung biologisch aktiv werden kann.Es konnte in Studien gezeigt werden, dass durch Ubiquinol der nat\u00fcrliche Alterungsprozess des Organismus verlangsamt und die Leistungsf\u00e4higkeit durch optimierte Energiegewinnung erh\u00f6ht werden kann. Es unterst\u00fctzt die Herzleistung, ist wichtig f\u00fcr ein gesundes Blutdruckgeschehen und f\u00f6rdert die k\u00f6rpereigenen Ma\u00dfnahmen gegen vorzeitige Alterungsprozesse. Besonders empfehlenswert ist die Einnahme von Ubiquinol f\u00fcr Sportler, chronisch Kranke und Menschen ab dem 40. Lebensjahr..<\/p>\n","protected":false},"excerpt":{"rendered":"<p>Coenzym Q-10 existiert in zwei biochemischen Formen, als Ubiquinon und als Ubiquinol. Ubiquinol ist die reduzierte und damit die aktive Form des Coenzyms Q-10. Es kommt in geringer Menge in der Nahrung vor, haupts\u00e4chlich wird es aber vom K\u00f6rper selbst hergestellt. Coenzym Q-10 wird f\u00fcr die Energiegewinnung in den Mitochondrien ben\u00f6tigt und ist in seiner [&hellip;]<\/p>\n","protected":false},"featured_media":110078,"template":"","meta":{"_acf_changed":false},"product_brand":[],"product_cat":[328],"product_tag":[],"class_list":{"0":"post-110076","1":"product","2":"type-product","3":"status-publish","4":"has-post-thumbnail","6":"product_cat-g","7":"pa_packungsgroesse-30-stueck","9":"first","10":"instock","11":"shipping-taxable","12":"purchasable","13":"product-type-simple"},"acf":[],"_links":{"self":[{"href":"https:\/\/www.hirtenberg-apotheke.at\/katalog\/wp-json\/wp\/v2\/product\/110076","targetHints":{"allow":["GET"]}}],"collection":[{"href":"https:\/\/www.hirtenberg-apotheke.at\/katalog\/wp-json\/wp\/v2\/product"}],"about":[{"href":"https:\/\/www.hirtenberg-apotheke.at\/katalog\/wp-json\/wp\/v2\/types\/product"}],"wp:featuredmedia":[{"embeddable":true,"href":"https:\/\/www.hirtenberg-apotheke.at\/katalog\/wp-json\/wp\/v2\/media\/110078"}],"wp:attachment":[{"href":"https:\/\/www.hirtenberg-apotheke.at\/katalog\/wp-json\/wp\/v2\/media?parent=110076"}],"wp:term":[{"taxonomy":"product_brand","embeddable":true,"href":"https:\/\/www.hirtenberg-apotheke.at\/katalog\/wp-json\/wp\/v2\/product_brand?post=110076"},{"taxonomy":"product_cat","embeddable":true,"href":"https:\/\/www.hirtenberg-apotheke.at\/katalog\/wp-json\/wp\/v2\/product_cat?post=110076"},{"taxonomy":"product_tag","embeddable":true,"href":"https:\/\/www.hirtenberg-apotheke.at\/katalog\/wp-json\/wp\/v2\/product_tag?post=110076"}],"curies":[{"name":"wp","href":"https:\/\/api.w.org\/{rel}","templated":true}]}}