{"id":110118,"date":"2025-12-03T12:21:27","date_gmt":"2025-12-03T11:21:27","guid":{"rendered":"https:\/\/www.hirtenberg-apotheke.at\/katalog\/produkt\/mumijo-altai-kapseln-60-stk\/"},"modified":"2025-12-03T12:21:50","modified_gmt":"2025-12-03T11:21:50","slug":"mumijo-altai-kapseln-60-stk","status":"publish","type":"product","link":"https:\/\/www.hirtenberg-apotheke.at\/katalog\/produkt\/mumijo-altai-kapseln-60-stk\/","title":{"rendered":"MUMIJO Altai Kapseln 60 Stk."},"content":{"rendered":"<p>MUMIJO Altai Kapseln 60 Stk. ist ein harz\u00e4hnliches Naturprodukt, das in Zentralasien seit Jahrtausenden verwendet wird. Gewonnen in den H\u00f6hen des sibirischen Altai- Gebirges ist Mumijo Altai ein komplexes Naturprodukt pflanzlichen Ursprungs mit Humins\u00e4uren.<\/p>\n","protected":false},"excerpt":{"rendered":"<p>MUMIJO Altai Kapseln 60 Stk. ist ein harz\u00e4hnliches Naturprodukt, das in Zentralasien seit Jahrtausenden verwendet wird. Gewonnen in den H\u00f6hen des sibirischen Altai- Gebirges ist Mumijo Altai ein komplexes Naturprodukt pflanzlichen Ursprungs mit Humins\u00e4uren.<\/p>\n","protected":false},"featured_media":110120,"template":"","meta":{"_acf_changed":false},"product_brand":[],"product_cat":[308],"product_tag":[],"class_list":{"0":"post-110118","1":"product","2":"type-product","3":"status-publish","4":"has-post-thumbnail","6":"product_cat-m","7":"pa_packungsgroesse-60-stueck","9":"first","10":"instock","11":"shipping-taxable","12":"purchasable","13":"product-type-simple"},"acf":[],"_links":{"self":[{"href":"https:\/\/www.hirtenberg-apotheke.at\/katalog\/wp-json\/wp\/v2\/product\/110118","targetHints":{"allow":["GET"]}}],"collection":[{"href":"https:\/\/www.hirtenberg-apotheke.at\/katalog\/wp-json\/wp\/v2\/product"}],"about":[{"href":"https:\/\/www.hirtenberg-apotheke.at\/katalog\/wp-json\/wp\/v2\/types\/product"}],"wp:featuredmedia":[{"embeddable":true,"href":"https:\/\/www.hirtenberg-apotheke.at\/katalog\/wp-json\/wp\/v2\/media\/110120"}],"wp:attachment":[{"href":"https:\/\/www.hirtenberg-apotheke.at\/katalog\/wp-json\/wp\/v2\/media?parent=110118"}],"wp:term":[{"taxonomy":"product_brand","embeddable":true,"href":"https:\/\/www.hirtenberg-apotheke.at\/katalog\/wp-json\/wp\/v2\/product_brand?post=110118"},{"taxonomy":"product_cat","embeddable":true,"href":"https:\/\/www.hirtenberg-apotheke.at\/katalog\/wp-json\/wp\/v2\/product_cat?post=110118"},{"taxonomy":"product_tag","embeddable":true,"href":"https:\/\/www.hirtenberg-apotheke.at\/katalog\/wp-json\/wp\/v2\/product_tag?post=110118"}],"curies":[{"name":"wp","href":"https:\/\/api.w.org\/{rel}","templated":true}]}}